{"id":778,"date":"2025-07-30T22:46:46","date_gmt":"2025-07-30T22:46:46","guid":{"rendered":"https:\/\/quartzinjurylaw.com\/?page_id=778"},"modified":"2025-08-06T14:04:53","modified_gmt":"2025-08-06T14:04:53","slug":"timothy-kingsbury","status":"publish","type":"page","link":"https:\/\/quartzinjurylaw.com\/es\/about-us\/timothy-kingsbury\/","title":{"rendered":"Timothy J. Kingsbury"},"content":{"rendered":"<div data-elementor-type=\"wp-page\" data-elementor-id=\"778\" class=\"elementor elementor-778\">\n\t\t\t\t<div class=\"elementor-element elementor-element-fc7e892 e-flex e-con-boxed e-con e-parent\" data-id=\"fc7e892\" data-element_type=\"container\">\n\t\t\t\t\t<div class=\"e-con-inner\">\n\t\t\t\t<div class=\"elementor-element elementor-element-bafd945 elementor-widget elementor-widget-shortcode\" data-id=\"bafd945\" data-element_type=\"widget\" data-widget_type=\"shortcode.default\">\n\t\t\t\t<div class=\"elementor-widget-container\">\n\t\t\t\t\t\t\t<div class=\"elementor-shortcode\"><nav aria-label=\"breadcrumbs\" class=\"rank-math-breadcrumb\"><p><span class=\"last\">Home<\/span><\/p><\/nav><\/div>\n\t\t\t\t\t\t<\/div>\n\t\t\t\t<\/div>\n\t\t\t\t\t<\/div>\n\t\t\t\t<\/div>\n\t\t<div class=\"elementor-element elementor-element-5f9f4f4 e-flex e-con-boxed e-con e-parent\" data-id=\"5f9f4f4\" data-element_type=\"container\">\n\t\t\t\t\t<div class=\"e-con-inner\">\n\t\t<div class=\"elementor-element elementor-element-d0bab7a e-con-full e-flex e-con e-child\" data-id=\"d0bab7a\" data-element_type=\"container\">\n\t\t\t\t<div class=\"elementor-element elementor-element-fb0c1c9 elementor-widget elementor-widget-image\" data-id=\"fb0c1c9\" data-element_type=\"widget\" data-widget_type=\"image.default\">\n\t\t\t\t<div class=\"elementor-widget-container\">\n\t\t\t\t\t\t\t\t\t\t\t\t\t\t\t<img fetchpriority=\"high\" decoding=\"async\" width=\"549\" height=\"549\" src=\"https:\/\/quartzinjurylaw.com\/wp-content\/uploads\/2025\/07\/TJK_550px.webp\" class=\"attachment-large size-large wp-image-780\" alt=\"J\" srcset=\"https:\/\/quartzinjurylaw.com\/wp-content\/uploads\/2025\/07\/TJK_550px.webp 549w, https:\/\/quartzinjurylaw.com\/wp-content\/uploads\/2025\/07\/TJK_550px-300x300.webp 300w, https:\/\/quartzinjurylaw.com\/wp-content\/uploads\/2025\/07\/TJK_550px-150x150.webp 150w, https:\/\/quartzinjurylaw.com\/wp-content\/uploads\/2025\/07\/TJK_550px-12x12.webp 12w\" sizes=\"(max-width: 549px) 100vw, 549px\" \/>\t\t\t\t\t\t\t\t\t\t\t\t\t\t\t<\/div>\n\t\t\t\t<\/div>\n\t\t\t\t<\/div>\n\t\t<div class=\"elementor-element elementor-element-07ed391 e-con-full e-flex e-con e-child\" data-id=\"07ed391\" data-element_type=\"container\">\n\t\t\t\t<div class=\"elementor-element elementor-element-0af570c elementor-widget__width-inherit elementor-widget elementor-widget-text-editor\" data-id=\"0af570c\" data-element_type=\"widget\" data-widget_type=\"text-editor.default\">\n\t\t\t\t<div class=\"elementor-widget-container\">\n\t\t\t\t\t\t\t\t\t<h2>Timothy J. Kingsbury\u00a0<\/h2><div class=\"gdlr-core-pbf-element\"><div class=\"gdlr-core-text-box-item gdlr-core-item-pdlr gdlr-core-item-pdb gdlr-core-left-align gdlr-core-no-p-space\"><div class=\"gdlr-core-text-box-item-content\"><p><strong><br \/>Correo electr\u00f3nico<\/strong><strong>:<\/strong>\u00a0tjk@hfmlegal.com<\/p><ul><li>Personal Injury<\/li><li><span class=\"gdlr-core-icon-list-content\">Consumer Fraud<\/span><\/li><li class=\"gdlr-core-icon-list-content-wrap\"><span class=\"gdlr-core-icon-list-content\">Sports Litigation<\/span><\/li><li class=\"gdlr-core-icon-list-content-wrap\">Motor Vehicle Collisions<\/li><li class=\"gdlr-core-icon-list-content-wrap\">Toxic Torts<\/li><li class=\"gdlr-core-icon-list-content-wrap\">Products Liability<\/li><\/ul><\/div><\/div><\/div><div class=\"gdlr-core-pbf-element\"><div class=\"gdlr-core-icon-list-item gdlr-core-item-pdlr gdlr-core-item-pdb clearfix gdlr-core-left-align gdlr-core-style-1\">\u00a0<\/div><\/div>\t\t\t\t\t\t\t\t<\/div>\n\t\t\t\t<\/div>\n\t\t\t\t<\/div>\n\t\t\t\t\t<\/div>\n\t\t\t\t<\/div>\n\t\t<div class=\"elementor-element elementor-element-d77055e e-flex e-con-boxed e-con e-parent\" data-id=\"d77055e\" data-element_type=\"container\">\n\t\t\t\t\t<div class=\"e-con-inner\">\n\t\t\t\t<div class=\"elementor-element elementor-element-8126fc7 elementor-widget elementor-widget-text-editor\" data-id=\"8126fc7\" data-element_type=\"widget\" data-widget_type=\"text-editor.default\">\n\t\t\t\t<div class=\"elementor-widget-container\">\n\t\t\t\t\t\t\t\t\t<h4>Biography<\/h4><p><b>Timothy<\/b><b>\u202f<\/b><b>J.<\/b><b>\u202f<\/b><b>Kingsbury es un abogado litigante reconocido a nivel nacional y accionista de Humphrey, Farrington &amp; McClain que ha obtenido m\u00e1s de $100 millones en veredictos y acuerdos para personas perjudicadas por exposiciones t\u00f3xicas, productos defectuosos y condiciones inseguras.<\/b> Ahora dedica su experiencia legal a ayudar a fabricantes, instaladores y pulidores de encimeras que sufren de silicosis acelerada debido a la exposici\u00f3n al polvo de s\u00edlice en talleres de piedra artificial.<\/p><h4 style=\"font-weight: 400;\"><strong>Por qu\u00e9 los trabajadores de encimeras de piedra eligen a Tim<\/strong><\/h4><p>\u00a0<\/p><h5 style=\"font-weight: 400;\"><strong>\u00c9l realmente entiende los peligros<\/strong><\/h5><ul style=\"font-weight: 400;\"><li>Las losas de piedra artificial, especialmente las de cuarzo, pueden contener m\u00e1s del 90 % de s\u00edlice cristalina. Cortarlas, esmerilarlas o pulirlas sin control del polvo libera part\u00edculas de s\u00edlice respirables lo suficientemente peque\u00f1as como para da\u00f1ar permanentemente el tejido pulmonar.<\/li><li>Grupos de trabajadores en todo Estados Unidos y a nivel internacional han desarrollado silicosis acelerada, lo que ha requerido trasplantes de pulm\u00f3n o ha resultado en muerte prematura.<\/li><li>La formaci\u00f3n de Tim en biolog\u00eda le permite traducir im\u00e1genes m\u00e9dicas complejas, informes de higiene industrial y datos de muestreo de aire en argumentos legales que los jurados comprenden f\u00e1cilmente.<\/li><\/ul><h5 style=\"font-weight: 400;\"><strong>Lucha por reformas de seguridad en toda la industria<\/strong><\/h5><ul style=\"font-weight: 400;\"><li>Anteriormente, impuls\u00f3 cambios globales en materia de seguridad de productos; en particular, ayud\u00f3 a liderar campa\u00f1as que hicieron que los parallamas fueran obligatorios en los bidones de gasolina de pl\u00e1stico de todo el pa\u00eds.<\/li><li>En casos de exposici\u00f3n en el lugar de trabajo, Tim demuestra c\u00f3mo las protecciones rutinarias y de bajo costo (como t\u00e9cnicas de corte h\u00famedo, ventilaci\u00f3n por extracci\u00f3n local y respiradores adecuados) podr\u00edan haber reducido dr\u00e1sticamente la exposici\u00f3n.<\/li><\/ul><h5 style=\"font-weight: 400;\"><strong>Obtiene resultados en litigios por exposici\u00f3n a sustancias t\u00f3xicas<\/strong><\/h5><ul style=\"font-weight: 400;\"><li>Desde 2023, las recuperaciones multimillonarias incluyen un acuerdo de $47 millones por exposici\u00f3n a sustancias qu\u00edmicas ambientales, $30 millones por enfermedades causadas por productos t\u00f3xicos para el cuidado personal y un veredicto de $15,6 millones en un caso de responsabilidad civil de las instalaciones.<\/li><li>Estos \u00e9xitos reflejan su capacidad para elaborar estrategias s\u00f3lidas lideradas por expertos y prevalecer incluso frente a grandes corporaciones.<\/li><\/ul><h5 style=\"font-weight: 400;\"><strong>Credenciales y reconocimientos<\/strong><\/h5><ul style=\"font-weight: 400;\"><li><strong>Accionista<\/strong> en una firma de abogados demandantes l\u00edder del Medio Oeste con alcance nacional.<\/li><li>Tiene licencia en Missouri (desde 2012) y en varios tribunales federales, lo que le da flexibilidad para presentar su solicitud donde sea m\u00e1s ventajoso.<\/li><li>Reconocido anualmente desde 2017 como una estrella en ascenso en Missouri y Kansas Super Lawyers, y honrado en m\u00faltiples ocasiones <em>los mejores veredictos de Missouri<\/em> publicaciones.<\/li><\/ul><h5 style=\"font-weight: 400;\"><strong>Lazos comunitarios y compromiso personal<\/strong><\/h5><p style=\"font-weight: 400;\">Nacido y criado en Kansas City, Tim vive en Independence Square con su esposa y sus dos hijos peque\u00f1os. En su tiempo libre, entrena a j\u00f3venes jugadores de baloncesto y es voluntario local, y aporta la misma empat\u00eda y entusiasmo para ayudar a familias trabajadoras que enfrentan una enfermedad pulmonar que les cambia la vida.<\/p>\t\t\t\t\t\t\t\t<\/div>\n\t\t\t\t<\/div>\n\t\t\t\t\t<\/div>\n\t\t\t\t<\/div>\n\t\t<div class=\"elementor-element elementor-element-2a27c45 e-flex e-con-boxed e-con e-parent\" data-id=\"2a27c45\" data-element_type=\"container\">\n\t\t\t\t\t<div class=\"e-con-inner\">\n\t\t\t\t<div class=\"elementor-element elementor-element-433e4bc elementor-widget-divider--view-line elementor-widget elementor-widget-divider\" data-id=\"433e4bc\" data-element_type=\"widget\" data-widget_type=\"divider.default\">\n\t\t\t\t<div class=\"elementor-widget-container\">\n\t\t\t\t\t\t\t<div class=\"elementor-divider\">\n\t\t\t<span class=\"elementor-divider-separator\">\n\t\t\t\t\t\t<\/span>\n\t\t<\/div>\n\t\t\t\t\t\t<\/div>\n\t\t\t\t<\/div>\n\t\t\t\t\t<\/div>\n\t\t\t\t<\/div>\n\t\t<div class=\"elementor-element elementor-element-b65c0e6 e-flex e-con-boxed e-con e-parent\" data-id=\"b65c0e6\" data-element_type=\"container\">\n\t\t\t\t\t<div class=\"e-con-inner\">\n\t\t\t\t<div class=\"elementor-element elementor-element-0a8aa23 elementor-widget elementor-widget-text-editor\" data-id=\"0a8aa23\" data-element_type=\"widget\" data-widget_type=\"text-editor.default\">\n\t\t\t\t<div class=\"elementor-widget-container\">\n\t\t\t\t\t\t\t\t\t<p><b>Si usted o alguien que conoce trabaj\u00f3 con encimeras de piedra artificial y tiene tos persistente, dificultad para respirar o le han diagnosticado silicosis: comun\u00edquese para obtener una evaluaci\u00f3n de caso gratuita y sin compromiso.<\/b> Tim Kingsbury trabajar\u00e1 para garantizar su recuperaci\u00f3n financiera, su seguimiento m\u00e9dico y su justicia, al mismo tiempo que responsabiliza a la industria y promueve est\u00e1ndares m\u00e1s seguros.<\/p>\t\t\t\t\t\t\t\t<\/div>\n\t\t\t\t<\/div>\n\t\t\t\t\t<\/div>\n\t\t\t\t<\/div>\n\t\t<div class=\"elementor-element elementor-element-f0977d3 e-flex e-con-boxed e-con e-parent\" data-id=\"f0977d3\" data-element_type=\"container\">\n\t\t\t\t\t<div class=\"e-con-inner\">\n\t\t\t\t<div class=\"elementor-element elementor-element-baafcb6 elementor-widget__width-initial elementor-widget elementor-widget-text-editor\" data-id=\"baafcb6\" data-element_type=\"widget\" data-widget_type=\"text-editor.default\">\n\t\t\t\t<div class=\"elementor-widget-container\">\n\t\t\t\t\t\t\t\t\t<p class=\"link\"><strong>M\u00e1s informaci\u00f3n<\/strong> <a href=\"https:\/\/quartzinjurylaw.com\/es\/about-us\/about-us\/\">sobre nosotros<\/a> <strong>o<\/strong> <a href=\"https:\/\/quartzinjurylaw.com\/es\/contact-us\/\">contacta con nosotros<\/a><strong>!<\/strong><p>\t\t\t\t\t\t\t\t<\/div>\n\t\t\t\t<\/div>\n\t\t\t\t\t<\/div>\n\t\t\t\t<\/div>\n\t\t\t\t<\/div>","protected":false},"excerpt":{"rendered":"<p>Timothy J. Kingsbury\u00a0 Email:\u00a0tjk@hfmlegal.com Personal Injury Consumer Fraud Sports Litigation Motor Vehicle Collisions Toxic Torts Products Liability \u00a0 Biography Timothy\u202fJ.\u202fKingsbury is a nationally recognized trial attorney and shareholder at Humphrey, Farrington &amp; McClain who has secured over $100 million in verdicts and settlements for people harmed by toxic exposures, defective products, and unsafe conditions. He [&hellip;]<\/p>\n","protected":false},"author":3,"featured_media":0,"parent":369,"menu_order":0,"comment_status":"closed","ping_status":"closed","template":"","meta":{"inline_featured_image":false,"two_page_speed":[],"footnotes":""},"class_list":["post-778","page","type-page","status-publish","hentry"],"_links":{"self":[{"href":"https:\/\/quartzinjurylaw.com\/es\/wp-json\/wp\/v2\/pages\/778","targetHints":{"allow":["GET"]}}],"collection":[{"href":"https:\/\/quartzinjurylaw.com\/es\/wp-json\/wp\/v2\/pages"}],"about":[{"href":"https:\/\/quartzinjurylaw.com\/es\/wp-json\/wp\/v2\/types\/page"}],"author":[{"embeddable":true,"href":"https:\/\/quartzinjurylaw.com\/es\/wp-json\/wp\/v2\/users\/3"}],"replies":[{"embeddable":true,"href":"https:\/\/quartzinjurylaw.com\/es\/wp-json\/wp\/v2\/comments?post=778"}],"version-history":[{"count":0,"href":"https:\/\/quartzinjurylaw.com\/es\/wp-json\/wp\/v2\/pages\/778\/revisions"}],"up":[{"embeddable":true,"href":"https:\/\/quartzinjurylaw.com\/es\/wp-json\/wp\/v2\/pages\/369"}],"wp:attachment":[{"href":"https:\/\/quartzinjurylaw.com\/es\/wp-json\/wp\/v2\/media?parent=778"}],"curies":[{"name":"wp","href":"https:\/\/api.w.org\/{rel}","templated":true}]}}