{"id":480,"date":"2025-07-08T20:23:14","date_gmt":"2025-07-08T20:23:14","guid":{"rendered":"https:\/\/quartzinjurylaw.com\/?page_id=480"},"modified":"2025-08-06T14:07:01","modified_gmt":"2025-08-06T14:07:01","slug":"quartz-countertop-silicosis-protection","status":"publish","type":"page","link":"https:\/\/quartzinjurylaw.com\/es\/resources\/quartz-countertop-silicosis-protection\/","title":{"rendered":"Silicosis sobre encimera de cuarzo - Protecci\u00f3n de los trabajadores expuestos"},"content":{"rendered":"<div data-elementor-type=\"wp-page\" data-elementor-id=\"480\" class=\"elementor elementor-480\">\n\t\t\t\t<div class=\"elementor-element elementor-element-64a65d7 e-flex e-con-boxed e-con e-parent\" data-id=\"64a65d7\" data-element_type=\"container\">\n\t\t\t\t\t<div class=\"e-con-inner\">\n\t\t\t\t<div class=\"elementor-element elementor-element-c49cdaa elementor-widget elementor-widget-shortcode\" data-id=\"c49cdaa\" data-element_type=\"widget\" data-widget_type=\"shortcode.default\">\n\t\t\t\t<div class=\"elementor-widget-container\">\n\t\t\t\t\t\t\t<div class=\"elementor-shortcode\"><nav aria-label=\"breadcrumbs\" class=\"rank-math-breadcrumb\"><p><span class=\"last\">Home<\/span><\/p><\/nav><\/div>\n\t\t\t\t\t\t<\/div>\n\t\t\t\t<\/div>\n\t\t\t\t\t<\/div>\n\t\t\t\t<\/div>\n\t\t<div class=\"elementor-element elementor-element-e4fb0d2 e-flex e-con-boxed e-con e-parent\" data-id=\"e4fb0d2\" data-element_type=\"container\">\n\t\t\t\t\t<div class=\"e-con-inner\">\n\t\t\t\t<div class=\"elementor-element elementor-element-a2287ed elementor-widget elementor-widget-heading\" data-id=\"a2287ed\" data-element_type=\"widget\" data-widget_type=\"heading.default\">\n\t\t\t\t<div class=\"elementor-widget-container\">\n\t\t\t\t\t<h2 class=\"elementor-heading-title elementor-size-default\">Silicosis sobre encimera de cuarzo - Protecci\u00f3n de los trabajadores expuestos<\/h2>\t\t\t\t<\/div>\n\t\t\t\t<\/div>\n\t\t\t\t\t<\/div>\n\t\t\t\t<\/div>\n\t\t<div class=\"elementor-element elementor-element-33e3e12 e-flex e-con-boxed e-con e-parent\" data-id=\"33e3e12\" data-element_type=\"container\">\n\t\t\t\t\t<div class=\"e-con-inner\">\n\t\t\t\t<div class=\"elementor-element elementor-element-64c88e0 elementor-widget elementor-widget-html\" data-id=\"64c88e0\" data-element_type=\"widget\" data-widget_type=\"html.default\">\n\t\t\t\t<div class=\"elementor-widget-container\">\n\t\t\t\t\t<blockquote class=\"key-takeaway\">\nLos trabajadores que cortan y pulen encimeras de cuarzo enfrentan un alto riesgo de silicosis, una enfermedad pulmonar mortal causada por la inhalaci\u00f3n de polvo fino de s\u00edlice sin la protecci\u00f3n adecuada.\n<\/blockquote>\n\t\t\t\t<\/div>\n\t\t\t\t<\/div>\n\t\t\t\t\t<\/div>\n\t\t\t\t<\/div>\n\t\t<div class=\"elementor-element elementor-element-5f0c6e6e e-flex e-con-boxed e-con e-parent\" data-id=\"5f0c6e6e\" data-element_type=\"container\">\n\t\t\t\t\t<div class=\"e-con-inner\">\n\t\t\t\t<div class=\"elementor-element elementor-element-4ab02de elementor-widget elementor-widget-image\" data-id=\"4ab02de\" data-element_type=\"widget\" data-widget_type=\"image.default\">\n\t\t\t\t<div class=\"elementor-widget-container\">\n\t\t\t\t\t\t\t\t\t\t\t\t\t\t\t<img fetchpriority=\"high\" decoding=\"async\" width=\"1282\" height=\"721\" src=\"https:\/\/quartzinjurylaw.com\/wp-content\/uploads\/2025\/07\/countertop-niosh-smoke1_wide-57c78b3a36687a412956c3a46e25966b0f467c64-3.webp\" class=\"attachment-full size-full wp-image-538\" alt=\"\" srcset=\"https:\/\/quartzinjurylaw.com\/wp-content\/uploads\/2025\/07\/countertop-niosh-smoke1_wide-57c78b3a36687a412956c3a46e25966b0f467c64-3.webp 1282w, https:\/\/quartzinjurylaw.com\/wp-content\/uploads\/2025\/07\/countertop-niosh-smoke1_wide-57c78b3a36687a412956c3a46e25966b0f467c64-3-300x169.webp 300w, https:\/\/quartzinjurylaw.com\/wp-content\/uploads\/2025\/07\/countertop-niosh-smoke1_wide-57c78b3a36687a412956c3a46e25966b0f467c64-3-1024x576.webp 1024w, https:\/\/quartzinjurylaw.com\/wp-content\/uploads\/2025\/07\/countertop-niosh-smoke1_wide-57c78b3a36687a412956c3a46e25966b0f467c64-3-768x432.webp 768w, https:\/\/quartzinjurylaw.com\/wp-content\/uploads\/2025\/07\/countertop-niosh-smoke1_wide-57c78b3a36687a412956c3a46e25966b0f467c64-3-18x10.webp 18w, https:\/\/quartzinjurylaw.com\/wp-content\/uploads\/2025\/07\/countertop-niosh-smoke1_wide-57c78b3a36687a412956c3a46e25966b0f467c64-3-600x337.webp 600w\" sizes=\"(max-width: 1282px) 100vw, 1282px\" \/>\t\t\t\t\t\t\t\t\t\t\t\t\t\t\t<\/div>\n\t\t\t\t<\/div>\n\t\t\t\t<div class=\"elementor-element elementor-element-2d169873 elementor-widget elementor-widget-text-editor\" data-id=\"2d169873\" data-element_type=\"widget\" data-widget_type=\"text-editor.default\">\n\t\t\t\t<div class=\"elementor-widget-container\">\n\t\t\t\t\t\t\t\t\t<hr class=\"wp-block-separator has-alpha-channel-opacity\" \/>\n<h2 class=\"wp-block-heading\">\u00bfPor qu\u00e9 las encimeras de cuarzo representan un riesgo?<\/h2>\n\n<p>Las encimeras de cuarzo representan un grave riesgo para la salud de los trabajadores debido a su contenido de s\u00edlice cristalina, a menudo superior al 90 %. Al cortarlas, pulirlas o lijarlas sin un control adecuado del polvo, liberan finas part\u00edculas de s\u00edlice al aire. La inhalaci\u00f3n prolongada de este polvo puede provocar silicosis, una enfermedad pulmonar permanente y, a menudo, mortal.<\/p>\n\n<p>El peligro es especialmente alto en talleres peque\u00f1os o mal ventilados donde se utilizan m\u00e9todos de corte en seco. A pesar de la popularidad del cuarzo como material duradero y elegante, muchos trabajadores no reciben la advertencia ni la protecci\u00f3n adecuadas, lo que los expone a un riesgo significativo de sufrir da\u00f1os respiratorios a largo plazo.<\/p>\n\n<h2 class=\"wp-block-heading\">Regulaciones de OSHA y negligencia del empleador<\/h2>\n\n<p><strong>OSHA <\/strong>las regulaciones est\u00e1n dise\u00f1adas para proteger a los trabajadores de la exposici\u00f3n peligrosa a la s\u00edlice, y los empleadores est\u00e1n legalmente obligados a cumplir con estrictas normas de seguridad seg\u00fan la Norma de S\u00edlice Cristalina Respirable de la Administraci\u00f3n de Seguridad y Salud Ocupacional. Estas normas exigen que los empleadores monitoreen la calidad del aire, limiten la exposici\u00f3n al polvo de s\u00edlice, proporcionen una ventilaci\u00f3n adecuada y proporcionen a los trabajadores equipos de protecci\u00f3n, como respiradores. Desafortunadamente, muchos empleadores incumplen estas regulaciones, utilizando m\u00e9todos de corte inseguros, omitiendo el monitoreo del aire o descuidando la capacitaci\u00f3n de los trabajadores sobre los riesgos de la s\u00edlice.<\/p>\n\n<p>Este tipo de negligencia por parte del empleador puede tener consecuencias graves para la salud, como silicosis y otras enfermedades respiratorias. Cuando se ignoran las leyes de seguridad, los trabajadores afectados tienen derecho a emprender acciones legales por gastos m\u00e9dicos, p\u00e9rdida de salarios y da\u00f1os a largo plazo.<\/p>\n\n<h2 class=\"wp-block-heading\">Derechos legales de los fabricantes de cuarzo<\/h2>\n\n<ul class=\"wp-block-list\">\n<li>Derecho a un lugar de trabajo seguro<\/li>\n\n<li>Derecho a una formaci\u00f3n adecuada<\/li>\n\n<li>Derecho a equipos de protecci\u00f3n<\/li>\n\n<li>Derecho a la vigilancia m\u00e9dica<\/li>\n\n<li>Derecho a indemnizaci\u00f3n por enfermedad profesional<\/li>\n\n<li>Derecho a presentar una demanda contra terceros<\/li>\n\n<li>Derecho a representaci\u00f3n legal<\/li>\n\n<li>Derecho a denunciar condiciones inseguras<\/li>\n<\/ul>\n<h3 data-start=\"1866\" data-end=\"1924\">Qu\u00e9 deben hacer los trabajadores si est\u00e1n expuestos<\/h3>\n<p data-start=\"1925\" data-end=\"2019\">Si ha trabajado con cuarzo y cree que puede haber estado expuesto a niveles peligrosos de s\u00edlice:<\/p>\n<ul data-start=\"2020\" data-end=\"2246\">\n<li data-start=\"2020\" data-end=\"2087\">\n<p data-start=\"2022\" data-end=\"2087\">Documente sus condiciones de trabajo (fotograf\u00edas, correos electr\u00f3nicos, descripciones de puestos).<\/p>\n<\/li>\n<li data-start=\"2088\" data-end=\"2149\">\n<p data-start=\"2090\" data-end=\"2149\">Visite a un m\u00e9dico para una evaluaci\u00f3n respiratoria y mantenga registros.<\/p>\n<\/li>\n<li data-start=\"2150\" data-end=\"2185\">\n<p data-start=\"2152\" data-end=\"2185\">Informar a OSHA sobre condiciones inseguras.<\/p>\n<\/li>\n<li data-start=\"2186\" data-end=\"2246\">\n<p data-start=\"2188\" data-end=\"2246\">Consulte con un abogado para comprender sus opciones legales.<\/p>\n<\/li>\n<\/ul>\n<hr class=\"wp-block-separator has-alpha-channel-opacity\" \/>\t\t\t\t\t\t\t\t<\/div>\n\t\t\t\t<\/div>\n\t\t\t\t\t<\/div>\n\t\t\t\t<\/div>\n\t\t<div class=\"elementor-element elementor-element-7b91068 e-flex e-con-boxed e-con e-parent\" data-id=\"7b91068\" data-element_type=\"container\">\n\t\t\t\t\t<div class=\"e-con-inner\">\n\t\t\t\t<div class=\"elementor-element elementor-element-f280749 elementor-widget elementor-widget-text-editor\" data-id=\"f280749\" data-element_type=\"widget\" data-widget_type=\"text-editor.default\">\n\t\t\t\t<div class=\"elementor-widget-container\">\n\t\t\t\t\t\t\t\t\t<p><strong>Si usted o un ser querido sufre de silicosis despu\u00e9s de trabajar con encimeras de cuarzo, disponemos de asistencia legal. Nuestro equipo se dedica a proteger sus derechos y a obtener una indemnizaci\u00f3n por los da\u00f1os causados.<\/strong><\/p>\t\t\t\t\t\t\t\t<\/div>\n\t\t\t\t<\/div>\n\t\t\t\t\t<\/div>\n\t\t\t\t<\/div>\n\t\t<div class=\"elementor-element elementor-element-60bd51c e-flex e-con-boxed e-con e-parent\" data-id=\"60bd51c\" data-element_type=\"container\">\n\t\t\t\t\t<div class=\"e-con-inner\">\n\t\t\t\t<div class=\"elementor-element elementor-element-78593b4 elementor-widget elementor-widget-html\" data-id=\"78593b4\" data-element_type=\"widget\" data-widget_type=\"html.default\">\n\t\t\t\t<div class=\"elementor-widget-container\">\n\t\t\t\t\t<p class=\"link\"><strong>M\u00e1s informaci\u00f3n<\/strong> <a href=\"https:\/\/quartzinjurylaw.com\/es\/about-us\/about-us\/\">sobre nosotros<\/a> <strong>o<\/strong> <a href=\"https:\/\/quartzinjurylaw.com\/es\/contact-us\/\">contacta con nosotros<\/a><strong>!<\/strong><\/p>\n&nbsp;\t\t\t\t<\/div>\n\t\t\t\t<\/div>\n\t\t\t\t\t<\/div>\n\t\t\t\t<\/div>\n\t\t<div class=\"elementor-element elementor-element-9ae7d01 e-flex e-con-boxed e-con e-parent\" data-id=\"9ae7d01\" data-element_type=\"container\">\n\t\t\t\t\t<div class=\"e-con-inner\">\n\t\t<div class=\"elementor-element elementor-element-61a23d7 twbb_section e-con-full e-flex e-con e-child\" data-id=\"61a23d7\" data-element_type=\"container\" data-settings=\"{&quot;background_background&quot;:&quot;classic&quot;}\">\n\t\t<div class=\"elementor-element elementor-element-b358c52 e-con-full e-flex e-con e-child\" data-id=\"b358c52\" data-element_type=\"container\">\n\t\t\t\t<div class=\"elementor-element elementor-element-1774a18 elementor-widget__width-initial elementor-widget-mobile__width-inherit elementor-widget-tablet__width-initial elementor-invisible elementor-widget elementor-widget-heading\" data-id=\"1774a18\" data-element_type=\"widget\" data-settings=\"{&quot;_animation&quot;:&quot;fadeInUp&quot;}\" data-widget_type=\"heading.default\">\n\t\t\t\t<div class=\"elementor-widget-container\">\n\t\t\t\t\t<h5 class=\"elementor-heading-title elementor-size-default\">Ponte en contacto<\/h5>\t\t\t\t<\/div>\n\t\t\t\t<\/div>\n\t\t\t\t<div class=\"elementor-element elementor-element-2af5ff1 elementor-widget__width-initial elementor-widget-mobile__width-inherit elementor-widget-tablet__width-initial elementor-invisible elementor-widget elementor-widget-heading\" data-id=\"2af5ff1\" data-element_type=\"widget\" data-settings=\"{&quot;_animation&quot;:&quot;fadeInUp&quot;}\" data-widget_type=\"heading.default\">\n\t\t\t\t<div class=\"elementor-widget-container\">\n\t\t\t\t\t<h2 class=\"elementor-heading-title elementor-size-default\">Contactar con Humphrey, Farrington &amp; McClain<\/h2>\t\t\t\t<\/div>\n\t\t\t\t<\/div>\n\t\t\t\t<div class=\"elementor-element elementor-element-e5d1d1b elementor-widget__width-initial elementor-widget-mobile__width-inherit elementor-widget-tablet__width-initial elementor-invisible elementor-widget elementor-widget-text-editor\" data-id=\"e5d1d1b\" data-element_type=\"widget\" data-settings=\"{&quot;_animation&quot;:&quot;fadeInUp&quot;}\" data-widget_type=\"text-editor.default\">\n\t\t\t\t<div class=\"elementor-widget-container\">\n\t\t\t\t\t\t\t\t\t<p>P\u00f3ngase en contacto con nuestro equipo legal para obtener ayuda con casos de lesiones de cuarzo o preguntas sobre sus derechos legales.<\/p>\t\t\t\t\t\t\t\t<\/div>\n\t\t\t\t<\/div>\n\t\t\t\t<\/div>\n\t\t<div class=\"elementor-element elementor-element-bc36eae e-con-full e-flex e-con e-child\" data-id=\"bc36eae\" data-element_type=\"container\">\n\t\t\t\t<div class=\"elementor-element elementor-element-74fd5a5 elementor-widget__width-initial elementor-widget-mobile__width-inherit elementor-widget-tablet__width-initial elementor-view-default elementor-position-top elementor-mobile-position-top elementor-widget elementor-widget-icon-box\" data-id=\"74fd5a5\" data-element_type=\"widget\" data-widget_type=\"icon-box.default\">\n\t\t\t\t<div class=\"elementor-widget-container\">\n\t\t\t\t\t\t\t<div class=\"elementor-icon-box-wrapper\">\n\n\t\t\t\t\t\t<div class=\"elementor-icon-box-icon\">\n\t\t\t\t<span  class=\"elementor-icon\">\n\t\t\t\t<svg aria-hidden=\"true\" class=\"e-font-icon-svg e-far-envelope\" viewbox=\"0 0 512 512\" xmlns=\"http:\/\/www.w3.org\/2000\/svg\"><path d=\"M464 64H48C21.49 64 0 85.49 0 112v288c0 26.51 21.49 48 48 48h416c26.51 0 48-21.49 48-48V112c0-26.51-21.49-48-48-48zm0 48v40.805c-22.422 18.259-58.168 46.651-134.587 106.49-16.841 13.247-50.201 45.072-73.413 44.701-23.208.375-56.579-31.459-73.413-44.701C106.18 199.465 70.425 171.067 48 152.805V112h416zM48 400V214.398c22.914 18.251 55.409 43.862 104.938 82.646 21.857 17.205 60.134 55.186 103.062 54.955 42.717.231 80.509-37.199 103.053-54.947 49.528-38.783 82.032-64.401 104.947-82.653V400H48z\"><\/path><\/svg>\t\t\t\t<\/span>\n\t\t\t<\/div>\n\t\t\t\n\t\t\t\t\t\t<div class=\"elementor-icon-box-content\">\n\n\t\t\t\t\t\t\t\t\t<h4 class=\"elementor-icon-box-title\">\n\t\t\t\t\t\t<span  >\n\t\t\t\t\t\t\tCorreo electr\u00f3nico\t\t\t\t\t\t<\/span>\n\t\t\t\t\t<\/h4>\n\t\t\t\t\n\t\t\t\t\t\t\t\t\t<p class=\"elementor-icon-box-description\">\n\t\t\t\t\t\tEnv\u00edenos un correo electr\u00f3nico a <a href='mailto:quartz@hfmlegal.com'>quartz@hfmlegal.com<\/a> para preguntas o consultas.\t\t\t\t\t<\/p>\n\t\t\t\t\n\t\t\t<\/div>\n\t\t\t\n\t\t<\/div>\n\t\t\t\t\t\t<\/div>\n\t\t\t\t<\/div>\n\t\t\t\t<div class=\"elementor-element elementor-element-8fbf208 elementor-widget__width-initial elementor-widget-mobile__width-inherit elementor-widget-tablet__width-initial elementor-view-default elementor-position-top elementor-mobile-position-top elementor-widget elementor-widget-icon-box\" data-id=\"8fbf208\" data-element_type=\"widget\" data-widget_type=\"icon-box.default\">\n\t\t\t\t<div class=\"elementor-widget-container\">\n\t\t\t\t\t\t\t<div class=\"elementor-icon-box-wrapper\">\n\n\t\t\t\t\t\t<div class=\"elementor-icon-box-icon\">\n\t\t\t\t<span  class=\"elementor-icon\">\n\t\t\t\t<svg aria-hidden=\"true\" class=\"e-font-icon-svg e-fas-phone-alt\" viewbox=\"0 0 512 512\" xmlns=\"http:\/\/www.w3.org\/2000\/svg\"><path d=\"M497.39 361.8l-112-48a24 24 0 0 0-28 6.9l-49.6 60.6A370.66 370.66 0 0 1 130.6 204.11l60.6-49.6a23.94 23.94 0 0 0 6.9-28l-48-112A24.16 24.16 0 0 0 122.6.61l-104 24A24 24 0 0 0 0 48c0 256.5 207.9 464 464 464a24 24 0 0 0 23.4-18.6l24-104a24.29 24.29 0 0 0-14.01-27.6z\"><\/path><\/svg>\t\t\t\t<\/span>\n\t\t\t<\/div>\n\t\t\t\n\t\t\t\t\t\t<div class=\"elementor-icon-box-content\">\n\n\t\t\t\t\t\t\t\t\t<h4 class=\"elementor-icon-box-title\">\n\t\t\t\t\t\t<span  >\n\t\t\t\t\t\t\tLl\u00e1manos\t\t\t\t\t\t<\/span>\n\t\t\t\t\t<\/h4>\n\t\t\t\t\n\t\t\t\t\t\t\t\t\t<p class=\"elementor-icon-box-description\">\n\t\t\t\t\t\tLlame a nuestra oficina <a href='tel:+18168365050'>+1 816-836-5050<\/a> para hablar directamente con un profesional del Derecho en ingl\u00e9s o en espa\u00f1ol. \t\t\t\t\t<\/p>\n\t\t\t\t\n\t\t\t<\/div>\n\t\t\t\n\t\t<\/div>\n\t\t\t\t\t\t<\/div>\n\t\t\t\t<\/div>\n\t\t\t\t<div class=\"elementor-element elementor-element-539bcf5 elementor-widget__width-initial elementor-widget-mobile__width-inherit elementor-widget-tablet__width-initial elementor-view-default elementor-position-top elementor-mobile-position-top elementor-widget elementor-widget-icon-box\" data-id=\"539bcf5\" data-element_type=\"widget\" data-widget_type=\"icon-box.default\">\n\t\t\t\t<div class=\"elementor-widget-container\">\n\t\t\t\t\t\t\t<div class=\"elementor-icon-box-wrapper\">\n\n\t\t\t\t\t\t<div class=\"elementor-icon-box-icon\">\n\t\t\t\t<span  class=\"elementor-icon\">\n\t\t\t\t<svg aria-hidden=\"true\" class=\"e-font-icon-svg e-fas-map-marker-alt\" viewbox=\"0 0 384 512\" xmlns=\"http:\/\/www.w3.org\/2000\/svg\"><path d=\"M172.268 501.67C26.97 291.031 0 269.413 0 192 0 85.961 85.961 0 192 0s192 85.961 192 192c0 77.413-26.97 99.031-172.268 309.67-9.535 13.774-29.93 13.773-39.464 0zM192 272c44.183 0 80-35.817 80-80s-35.817-80-80-80-80 35.817-80 80 35.817 80 80 80z\"><\/path><\/svg>\t\t\t\t<\/span>\n\t\t\t<\/div>\n\t\t\t\n\t\t\t\t\t\t<div class=\"elementor-icon-box-content\">\n\n\t\t\t\t\t\t\t\t\t<h4 class=\"elementor-icon-box-title\">\n\t\t\t\t\t\t<span  >\n\t\t\t\t\t\t\tVis\u00edtanos\t\t\t\t\t\t<\/span>\n\t\t\t\t\t<\/h4>\n\t\t\t\t\n\t\t\t\t\t\t\t\t\t<p class=\"elementor-icon-box-description\">\n\t\t\t\t\t\tNuestra oficina se encuentra en 221 W. Lexington Ave. Suite 400, Independence, Missouri 64050. Si\u00e9ntase libre de visitar durante horas de oficina o programar una cita.\t\t\t\t\t<\/p>\n\t\t\t\t\n\t\t\t<\/div>\n\t\t\t\n\t\t<\/div>\n\t\t\t\t\t\t<\/div>\n\t\t\t\t<\/div>\n\t\t\t\t<\/div>\n\t\t\t\t<\/div>\n\t\t\t\t\t<\/div>\n\t\t\t\t<\/div>\n\t\t\t\t<\/div>","protected":false},"excerpt":{"rendered":"<p>Quartz Countertop Silicosis \u2013 Protecting Exposed Workers Workers who cut and polish quartz countertops face high risk of silicosis, a deadly lung disease caused by inhaling fine silica dust without proper protection. Why Quartz Countertops Pose a Risk? Quartz countertops pose a serious health risk to workers because they contain extremely high levels of crystalline [&hellip;]<\/p>\n","protected":false},"author":3,"featured_media":545,"parent":465,"menu_order":0,"comment_status":"closed","ping_status":"closed","template":"","meta":{"inline_featured_image":false,"two_page_speed":[],"footnotes":""},"class_list":["post-480","page","type-page","status-publish","has-post-thumbnail","hentry"],"_links":{"self":[{"href":"https:\/\/quartzinjurylaw.com\/es\/wp-json\/wp\/v2\/pages\/480","targetHints":{"allow":["GET"]}}],"collection":[{"href":"https:\/\/quartzinjurylaw.com\/es\/wp-json\/wp\/v2\/pages"}],"about":[{"href":"https:\/\/quartzinjurylaw.com\/es\/wp-json\/wp\/v2\/types\/page"}],"author":[{"embeddable":true,"href":"https:\/\/quartzinjurylaw.com\/es\/wp-json\/wp\/v2\/users\/3"}],"replies":[{"embeddable":true,"href":"https:\/\/quartzinjurylaw.com\/es\/wp-json\/wp\/v2\/comments?post=480"}],"version-history":[{"count":0,"href":"https:\/\/quartzinjurylaw.com\/es\/wp-json\/wp\/v2\/pages\/480\/revisions"}],"up":[{"embeddable":true,"href":"https:\/\/quartzinjurylaw.com\/es\/wp-json\/wp\/v2\/pages\/465"}],"wp:featuredmedia":[{"embeddable":true,"href":"https:\/\/quartzinjurylaw.com\/es\/wp-json\/wp\/v2\/media\/545"}],"wp:attachment":[{"href":"https:\/\/quartzinjurylaw.com\/es\/wp-json\/wp\/v2\/media?parent=480"}],"curies":[{"name":"wp","href":"https:\/\/api.w.org\/{rel}","templated":true}]}}