{"id":465,"date":"2025-07-08T20:22:15","date_gmt":"2025-07-08T20:22:15","guid":{"rendered":"https:\/\/quartzinjurylaw.com\/?page_id=465"},"modified":"2025-08-06T14:10:51","modified_gmt":"2025-08-06T14:10:51","slug":"resources","status":"publish","type":"page","link":"https:\/\/quartzinjurylaw.com\/es\/resources\/","title":{"rendered":"Recursos"},"content":{"rendered":"<div data-elementor-type=\"wp-page\" data-elementor-id=\"465\" class=\"elementor elementor-465\">\n\t\t\t\t<div class=\"elementor-element elementor-element-e77885d e-flex e-con-boxed e-con e-parent\" data-id=\"e77885d\" data-element_type=\"container\">\n\t\t\t\t\t<div class=\"e-con-inner\">\n\t\t\t\t<div class=\"elementor-element elementor-element-dbd9c77 elementor-widget elementor-widget-shortcode\" data-id=\"dbd9c77\" data-element_type=\"widget\" data-widget_type=\"shortcode.default\">\n\t\t\t\t<div class=\"elementor-widget-container\">\n\t\t\t\t\t\t\t<div class=\"elementor-shortcode\"><nav aria-label=\"breadcrumbs\" class=\"rank-math-breadcrumb\"><p><span class=\"last\">Home<\/span><\/p><\/nav><\/div>\n\t\t\t\t\t\t<\/div>\n\t\t\t\t<\/div>\n\t\t\t\t\t<\/div>\n\t\t\t\t<\/div>\n\t\t<div class=\"elementor-element elementor-element-7595c56 e-flex e-con-boxed e-con e-parent\" data-id=\"7595c56\" data-element_type=\"container\">\n\t\t\t\t\t<div class=\"e-con-inner\">\n\t\t\t\t<div class=\"elementor-element elementor-element-02009ac elementor-widget elementor-widget-heading\" data-id=\"02009ac\" data-element_type=\"widget\" data-widget_type=\"heading.default\">\n\t\t\t\t<div class=\"elementor-widget-container\">\n\t\t\t\t\t<h2 class=\"elementor-heading-title elementor-size-default\">Abogado especializado en silicosis: ayuda legal para v\u00edctimas de exposici\u00f3n a la s\u00edlice<\/h2>\t\t\t\t<\/div>\n\t\t\t\t<\/div>\n\t\t\t\t\t<\/div>\n\t\t\t\t<\/div>\n\t\t<div class=\"elementor-element elementor-element-1c4fdf0 e-flex e-con-boxed e-con e-parent\" data-id=\"1c4fdf0\" data-element_type=\"container\">\n\t\t\t\t\t<div class=\"e-con-inner\">\n\t\t\t\t<div class=\"elementor-element elementor-element-032e694 elementor-widget elementor-widget-html\" data-id=\"032e694\" data-element_type=\"widget\" data-widget_type=\"html.default\">\n\t\t\t\t<div class=\"elementor-widget-container\">\n\t\t\t\t\t<blockquote class=\"key-takeaway\">\nLa exposici\u00f3n al polvo de s\u00edlice puede causar enfermedades pulmonares mortales como la silicosis. Seg\u00fan \n<a href=\"https:\/\/www.cdc.gov\/niosh\/docs\/2004-108\/\" target=\"_blank\" rel=\"noopener noreferrer\">NIOSH<\/a>, \n<a href=\"https:\/\/www.osha.gov\/silica-crystalline\" target=\"_blank\" rel=\"noopener\">OSHA<\/a>,\ny el <a href=\"https:\/\/www.cdc.gov\/niosh\/silica\/about\/?CDC_AAref_Val=https:\/\/www.cdc.gov\/niosh\/topics\/silica\" target=\"_blank\" rel=\"noopener noreferrer\">CDC<\/a>Unos controles de seguridad estrictos y el conocimiento legal son esenciales para la protecci\u00f3n.\n<\/blockquote>\n\t\t\t\t<\/div>\n\t\t\t\t<\/div>\n\t\t\t\t\t<\/div>\n\t\t\t\t<\/div>\n\t\t<div class=\"elementor-element elementor-element-6db41de e-flex e-con-boxed e-con e-parent\" data-id=\"6db41de\" data-element_type=\"container\">\n\t\t\t\t\t<div class=\"e-con-inner\">\n\t\t\t\t<div class=\"elementor-element elementor-element-b241cf4 elementor-widget elementor-widget-image\" data-id=\"b241cf4\" data-element_type=\"widget\" data-widget_type=\"image.default\">\n\t\t\t\t<div class=\"elementor-widget-container\">\n\t\t\t\t\t\t\t\t\t\t\t\t\t\t\t<img fetchpriority=\"high\" decoding=\"async\" width=\"1030\" height=\"687\" src=\"https:\/\/quartzinjurylaw.com\/wp-content\/uploads\/2025\/07\/shutterstock_1792492888_SILICA-1030x687-2.webp\" class=\"attachment-full size-full wp-image-467\" alt=\"\" srcset=\"https:\/\/quartzinjurylaw.com\/wp-content\/uploads\/2025\/07\/shutterstock_1792492888_SILICA-1030x687-2.webp 1030w, https:\/\/quartzinjurylaw.com\/wp-content\/uploads\/2025\/07\/shutterstock_1792492888_SILICA-1030x687-2-300x200.webp 300w, https:\/\/quartzinjurylaw.com\/wp-content\/uploads\/2025\/07\/shutterstock_1792492888_SILICA-1030x687-2-1024x683.webp 1024w, https:\/\/quartzinjurylaw.com\/wp-content\/uploads\/2025\/07\/shutterstock_1792492888_SILICA-1030x687-2-768x512.webp 768w, https:\/\/quartzinjurylaw.com\/wp-content\/uploads\/2025\/07\/shutterstock_1792492888_SILICA-1030x687-2-18x12.webp 18w, https:\/\/quartzinjurylaw.com\/wp-content\/uploads\/2025\/07\/shutterstock_1792492888_SILICA-1030x687-2-600x400.webp 600w\" sizes=\"(max-width: 1030px) 100vw, 1030px\" \/>\t\t\t\t\t\t\t\t\t\t\t\t\t\t\t<\/div>\n\t\t\t\t<\/div>\n\t\t\t\t\t<\/div>\n\t\t\t\t<\/div>\n\t\t<div class=\"elementor-element elementor-element-6697a086 e-flex e-con-boxed e-con e-parent\" data-id=\"6697a086\" data-element_type=\"container\">\n\t\t\t\t\t<div class=\"e-con-inner\">\n\t\t\t\t<div class=\"elementor-element elementor-element-6cc97cfc elementor-widget elementor-widget-text-editor\" data-id=\"6cc97cfc\" data-element_type=\"widget\" data-widget_type=\"text-editor.default\">\n\t\t\t\t<div class=\"elementor-widget-container\">\n\t\t\t\t\t\t\t\t\t<h1>Comprensi\u00f3n de los riesgos del polvo de s\u00edlice<\/h1><p>En Humphrey, Farrington &amp; McClain, creemos que los clientes informados toman decisiones informadas. Esta p\u00e1gina es un recurso integral para trabajadores, contratistas y familias afectadas por la exposici\u00f3n al polvo de s\u00edlice de las encimeras de cuarzo. Ya sea que haya recibido un diagn\u00f3stico reciente o est\u00e9 explorando sus opciones legales, esta p\u00e1gina ofrece informaci\u00f3n clave, informaci\u00f3n de salud, actualizaciones legales y herramientas de apoyo.<\/p><p>\u00bfQu\u00e9 es el polvo de s\u00edlice y d\u00f3nde se encuentra?<\/p><p>La s\u00edlice cristalina es un mineral com\u00fan en la piedra artificial, especialmente en las encimeras de cuarzo. Mientras que la piedra natural, como el granito, contiene s\u00edlice, el cuarzo artificial tiene un contenido de s\u00edlice mucho mayor, a menudo superior al 90 %.<\/p><p>Cuando los trabajadores cortan, muelen, o pulen encimeras de cuarzo, liberan polvo de s\u00edlice microsc\u00f3pico en el aire. Sin ventilaci\u00f3n adecuada o protecci\u00f3n respiratoria, estas part\u00edculas finas se inhalan profundamente en los pulmones, lo que lleva a efectos grabes e irreversibles para la salud.<\/p><h4>\u00bfQui\u00e9n est\u00e1 en riesgo?<\/h4><div>\u00a0<\/div><p>Puedes estar expuesto al polvo de s\u00edlice si has trabajado en algunos de los siguientes trabajos:<\/p><ul><li>Fabricador de Encimeras<\/li><li>Instalador de tornillos<\/li><li>Cortador de piedra<\/li><li>Remodeladores y Contratista<\/li><li>Trabajadores de tienda en instalaciones mal ventiladas<\/li><li>Aprendices o trabajadores con exposici\u00f3n indirecta<\/li><\/ul><p>Muchos de los trabajadores en estos roles nunca fueron informado de los riesgos o utilizaron material inadecuado o debieron ser informados de los peligros.<\/p><h4>Exposici\u00f3n a s\u00edlice y riesgos para la salud<\/h4><p>La exposici\u00f3n a largo plazo o de alta intensidad al polvo de s\u00edlice puede causar:<\/p><h5>Silicosis<\/h5><p>Una enfermedad pulmonar progresiva y a menudo mortal. Puede ser cr\u00f3nico, acelerado o agudo, dependiendo de los niveles de exposici\u00f3n.<\/p><h5>Cancer Pulmonar<\/h5><p>El polvo de s\u00edlice ha sido clasificado como cancer\u00edgeno del grupo 1 por la agencia Internacional Para Investigaci\u00f3n del cancer. (IARC)<\/p><h5>Transtornos autoimunes<\/h5><p>Incluyendo Artritis reumatoide, lupus y esclerosis sist\u00e9mica.<\/p><h5>Enfermedad pulmonar obstructiva cr\u00f3nica (COPD)<\/h5><p>La exposici\u00f3n puede empeorar significativamente la respiraci\u00f3n y reducir la esperanza de vida.<\/p><h4>Signs and Symptoms to Watch For Silica-related illness often develops silently.<\/h4><p>Los S\u00edntomas comunes incluyen:<\/p><ul><li>Tos Constante<\/li><li>Falta de aliento, incluso en reposo<\/li><li>Dolor en el pecho<\/li><li>Fatiga<\/li><\/ul><p>Infecciones pulmonares frecuentes<\/p><p>Si ha trabajado alrededor de encimeras de cuarzo y experimenta alguno de estos s\u00edntomas, debe buscar ayuda m\u00e9dica y legal de inmediato.<\/p><h4>Derechos legales de los trabajadores lesionados<\/h4><p>Nuestra empresa representa a personas que estuvieron expuestas al polvo de s\u00edlice sin culpa propia. Puede tener derecho a una compensaci\u00f3n por:<\/p><ul><li>Facturas m\u00e9dicas (Pasadas y futuras)<\/li><li>P\u00e9rdida de salarios o discapacidad<\/li><li>Dolor y Sufrimiento<\/li><li>Muerte Injusta (para familias sobrevivientes)<\/li><\/ul><p>Estamos investigando casos en los que los trabajadores no fueron advertidos, no se le proporcionaron respiradores adecuados, o en los que el propietario de la tienda no implement\u00f3, humedeci\u00f3, cortaron los sistemas de ventilaci\u00f3n adecuados.<\/p>\t\t\t\t\t\t\t\t<\/div>\n\t\t\t\t<\/div>\n\t\t\t\t\t<\/div>\n\t\t\t\t<\/div>\n\t\t<div class=\"elementor-element elementor-element-ec43fc2 e-flex e-con-boxed e-con e-parent\" data-id=\"ec43fc2\" data-element_type=\"container\">\n\t\t\t\t\t<div class=\"e-con-inner\">\n\t\t\t\t<div class=\"elementor-element elementor-element-e720741 elementor-widget elementor-widget-html\" data-id=\"e720741\" data-element_type=\"widget\" data-widget_type=\"html.default\">\n\t\t\t\t<div class=\"elementor-widget-container\">\n\t\t\t\t\t<blockquote class=\"key-takeaway\">\n\u00bfTiene preguntas sobre sus derechos legales o la exposici\u00f3n a la s\u00edlice? Visite nuestra p\u00e1gina <a href=\"https:\/\/quartzinjurylaw.com\/es\/resources\/faq\/\">FAQ<\/a> page for quick answers and essential information.\n<\/blockquote>\t\t\t\t<\/div>\n\t\t\t\t<\/div>\n\t\t\t\t\t<\/div>\n\t\t\t\t<\/div>\n\t\t<div class=\"elementor-element elementor-element-706a728 e-flex e-con-boxed e-con e-parent\" data-id=\"706a728\" data-element_type=\"container\">\n\t\t\t\t\t<div class=\"e-con-inner\">\n\t\t\t\t<div class=\"elementor-element elementor-element-1a6e7a8 elementor-widget elementor-widget-text-editor\" data-id=\"1a6e7a8\" data-element_type=\"widget\" data-widget_type=\"text-editor.default\">\n\t\t\t\t<div class=\"elementor-widget-container\">\n\t\t\t\t\t\t\t\t\t<h4 class=\"p1\"><b>Por qu\u00e9 Elegirnos?<\/b><\/h4><p class=\"p2\">Humphrey, Farrington &amp; McClain Es uno de los principales bufetes de abogados de exposici\u00f3n a t\u00f3xicos del pa\u00eds durante mas de 40 a\u00f1os, hemos luchado en casos relacionados con sustancias nocivas en el lugar de trabajo. Nuestro equipo ha asegurado mas de 1 billon de d\u00f3lares en productos y asentamientos emblem\u00e1ticos que han cambiado las industrias y han protegido a las generaciones futuras.<\/p><p class=\"p2\">Somos pioneros en litigios por exposici\u00f3n a sustancias t\u00f3xicas y estamos orgullosos de apoyar a los trabajadores lesionados en esta crisis emergente.<\/p>\t\t\t\t\t\t\t\t<\/div>\n\t\t\t\t<\/div>\n\t\t\t\t\t<\/div>\n\t\t\t\t<\/div>\n\t\t<div class=\"elementor-element elementor-element-3859c9e e-flex e-con-boxed e-con e-parent\" data-id=\"3859c9e\" data-element_type=\"container\">\n\t\t\t\t\t<div class=\"e-con-inner\">\n\t\t\t\t<div class=\"elementor-element elementor-element-0b4d8b6 elementor-widget elementor-widget-html\" data-id=\"0b4d8b6\" data-element_type=\"widget\" data-widget_type=\"html.default\">\n\t\t\t\t<div class=\"elementor-widget-container\">\n\t\t\t\t\t<blockquote class=\"key-takeaway\">\nUnderstand why engineered stone is causing a rise in silicosis cases. Visit our <a href=\"https:\/\/quartzinjurylaw.com\/es\/resources\/quartz-countertop-silicosis-protection\/\">Protecting Exposed Workers<\/a> page to learn how we\u2019re helping affected workers and what steps you can take to stay safe..<br>\n<\/blockquote>\t\t\t\t<\/div>\n\t\t\t\t<\/div>\n\t\t\t\t\t<\/div>\n\t\t\t\t<\/div>\n\t\t<div class=\"elementor-element elementor-element-f1ad96d e-flex e-con-boxed e-con e-parent\" data-id=\"f1ad96d\" data-element_type=\"container\">\n\t\t\t\t\t<div class=\"e-con-inner\">\n\t\t<div class=\"elementor-element elementor-element-2027394 twbb_section e-con-full e-flex e-con e-child\" data-id=\"2027394\" data-element_type=\"container\" data-settings=\"{&quot;background_background&quot;:&quot;classic&quot;}\">\n\t\t<div class=\"elementor-element elementor-element-53f1d03 e-con-full e-flex e-con e-child\" data-id=\"53f1d03\" data-element_type=\"container\">\n\t\t\t\t<div class=\"elementor-element elementor-element-c5d9816 elementor-widget__width-initial elementor-widget-mobile__width-inherit elementor-widget-tablet__width-initial elementor-invisible elementor-widget elementor-widget-heading\" data-id=\"c5d9816\" data-element_type=\"widget\" data-settings=\"{&quot;_animation&quot;:&quot;fadeInUp&quot;}\" data-widget_type=\"heading.default\">\n\t\t\t\t<div class=\"elementor-widget-container\">\n\t\t\t\t\t<h5 class=\"elementor-heading-title elementor-size-default\">Ponte en contacto<\/h5>\t\t\t\t<\/div>\n\t\t\t\t<\/div>\n\t\t\t\t<div class=\"elementor-element elementor-element-60baffe elementor-widget__width-initial elementor-widget-mobile__width-inherit elementor-widget-tablet__width-initial elementor-invisible elementor-widget elementor-widget-heading\" data-id=\"60baffe\" data-element_type=\"widget\" data-settings=\"{&quot;_animation&quot;:&quot;fadeInUp&quot;}\" data-widget_type=\"heading.default\">\n\t\t\t\t<div class=\"elementor-widget-container\">\n\t\t\t\t\t<h2 class=\"elementor-heading-title elementor-size-default\">Contactar con Humphrey, Farrington &amp; McClain<\/h2>\t\t\t\t<\/div>\n\t\t\t\t<\/div>\n\t\t\t\t<div class=\"elementor-element elementor-element-60cf8d8 elementor-widget__width-initial elementor-widget-mobile__width-inherit elementor-widget-tablet__width-initial elementor-invisible elementor-widget elementor-widget-text-editor\" data-id=\"60cf8d8\" data-element_type=\"widget\" data-settings=\"{&quot;_animation&quot;:&quot;fadeInUp&quot;}\" data-widget_type=\"text-editor.default\">\n\t\t\t\t<div class=\"elementor-widget-container\">\n\t\t\t\t\t\t\t\t\t<p>P\u00f3ngase en contacto con nuestro equipo legal para obtener ayuda con casos de lesiones de cuarzo o preguntas sobre sus derechos legales.<\/p>\t\t\t\t\t\t\t\t<\/div>\n\t\t\t\t<\/div>\n\t\t\t\t<\/div>\n\t\t<div class=\"elementor-element elementor-element-79ef16f e-con-full e-flex e-con e-child\" data-id=\"79ef16f\" data-element_type=\"container\">\n\t\t\t\t<div class=\"elementor-element elementor-element-cc878da elementor-widget__width-initial elementor-widget-mobile__width-inherit elementor-widget-tablet__width-initial elementor-view-default elementor-position-top elementor-mobile-position-top elementor-widget elementor-widget-icon-box\" data-id=\"cc878da\" data-element_type=\"widget\" data-widget_type=\"icon-box.default\">\n\t\t\t\t<div class=\"elementor-widget-container\">\n\t\t\t\t\t\t\t<div class=\"elementor-icon-box-wrapper\">\n\n\t\t\t\t\t\t<div class=\"elementor-icon-box-icon\">\n\t\t\t\t<span  class=\"elementor-icon\">\n\t\t\t\t<svg aria-hidden=\"true\" class=\"e-font-icon-svg e-far-envelope\" viewbox=\"0 0 512 512\" xmlns=\"http:\/\/www.w3.org\/2000\/svg\"><path d=\"M464 64H48C21.49 64 0 85.49 0 112v288c0 26.51 21.49 48 48 48h416c26.51 0 48-21.49 48-48V112c0-26.51-21.49-48-48-48zm0 48v40.805c-22.422 18.259-58.168 46.651-134.587 106.49-16.841 13.247-50.201 45.072-73.413 44.701-23.208.375-56.579-31.459-73.413-44.701C106.18 199.465 70.425 171.067 48 152.805V112h416zM48 400V214.398c22.914 18.251 55.409 43.862 104.938 82.646 21.857 17.205 60.134 55.186 103.062 54.955 42.717.231 80.509-37.199 103.053-54.947 49.528-38.783 82.032-64.401 104.947-82.653V400H48z\"><\/path><\/svg>\t\t\t\t<\/span>\n\t\t\t<\/div>\n\t\t\t\n\t\t\t\t\t\t<div class=\"elementor-icon-box-content\">\n\n\t\t\t\t\t\t\t\t\t<h4 class=\"elementor-icon-box-title\">\n\t\t\t\t\t\t<span  >\n\t\t\t\t\t\t\tCorreo electr\u00f3nico\t\t\t\t\t\t<\/span>\n\t\t\t\t\t<\/h4>\n\t\t\t\t\n\t\t\t\t\t\t\t\t\t<p class=\"elementor-icon-box-description\">\n\t\t\t\t\t\tEnv\u00edenos un correo electr\u00f3nico a <a href='mailto:quartz@hfmlegal.com'>quartz@hfmlegal.com<\/a> para preguntas o consultas.\t\t\t\t\t<\/p>\n\t\t\t\t\n\t\t\t<\/div>\n\t\t\t\n\t\t<\/div>\n\t\t\t\t\t\t<\/div>\n\t\t\t\t<\/div>\n\t\t\t\t<div class=\"elementor-element elementor-element-1257794 elementor-widget__width-initial elementor-widget-mobile__width-inherit elementor-widget-tablet__width-initial elementor-view-default elementor-position-top elementor-mobile-position-top elementor-widget elementor-widget-icon-box\" data-id=\"1257794\" data-element_type=\"widget\" data-widget_type=\"icon-box.default\">\n\t\t\t\t<div class=\"elementor-widget-container\">\n\t\t\t\t\t\t\t<div class=\"elementor-icon-box-wrapper\">\n\n\t\t\t\t\t\t<div class=\"elementor-icon-box-icon\">\n\t\t\t\t<span  class=\"elementor-icon\">\n\t\t\t\t<svg aria-hidden=\"true\" class=\"e-font-icon-svg e-fas-phone-alt\" viewbox=\"0 0 512 512\" xmlns=\"http:\/\/www.w3.org\/2000\/svg\"><path d=\"M497.39 361.8l-112-48a24 24 0 0 0-28 6.9l-49.6 60.6A370.66 370.66 0 0 1 130.6 204.11l60.6-49.6a23.94 23.94 0 0 0 6.9-28l-48-112A24.16 24.16 0 0 0 122.6.61l-104 24A24 24 0 0 0 0 48c0 256.5 207.9 464 464 464a24 24 0 0 0 23.4-18.6l24-104a24.29 24.29 0 0 0-14.01-27.6z\"><\/path><\/svg>\t\t\t\t<\/span>\n\t\t\t<\/div>\n\t\t\t\n\t\t\t\t\t\t<div class=\"elementor-icon-box-content\">\n\n\t\t\t\t\t\t\t\t\t<h4 class=\"elementor-icon-box-title\">\n\t\t\t\t\t\t<span  >\n\t\t\t\t\t\t\tLl\u00e1manos\t\t\t\t\t\t<\/span>\n\t\t\t\t\t<\/h4>\n\t\t\t\t\n\t\t\t\t\t\t\t\t\t<p class=\"elementor-icon-box-description\">\n\t\t\t\t\t\tLlame a nuestra oficina <a href='tel:+18168365050'>+1 816-836-5050<\/a> para hablar directamente con un profesional del Derecho en ingl\u00e9s o en espa\u00f1ol. \t\t\t\t\t<\/p>\n\t\t\t\t\n\t\t\t<\/div>\n\t\t\t\n\t\t<\/div>\n\t\t\t\t\t\t<\/div>\n\t\t\t\t<\/div>\n\t\t\t\t<div class=\"elementor-element elementor-element-d5c3b41 elementor-widget__width-initial elementor-widget-mobile__width-inherit elementor-widget-tablet__width-initial elementor-view-default elementor-position-top elementor-mobile-position-top elementor-widget elementor-widget-icon-box\" data-id=\"d5c3b41\" data-element_type=\"widget\" data-widget_type=\"icon-box.default\">\n\t\t\t\t<div class=\"elementor-widget-container\">\n\t\t\t\t\t\t\t<div class=\"elementor-icon-box-wrapper\">\n\n\t\t\t\t\t\t<div class=\"elementor-icon-box-icon\">\n\t\t\t\t<span  class=\"elementor-icon\">\n\t\t\t\t<svg aria-hidden=\"true\" class=\"e-font-icon-svg e-fas-map-marker-alt\" viewbox=\"0 0 384 512\" xmlns=\"http:\/\/www.w3.org\/2000\/svg\"><path d=\"M172.268 501.67C26.97 291.031 0 269.413 0 192 0 85.961 85.961 0 192 0s192 85.961 192 192c0 77.413-26.97 99.031-172.268 309.67-9.535 13.774-29.93 13.773-39.464 0zM192 272c44.183 0 80-35.817 80-80s-35.817-80-80-80-80 35.817-80 80 35.817 80 80 80z\"><\/path><\/svg>\t\t\t\t<\/span>\n\t\t\t<\/div>\n\t\t\t\n\t\t\t\t\t\t<div class=\"elementor-icon-box-content\">\n\n\t\t\t\t\t\t\t\t\t<h4 class=\"elementor-icon-box-title\">\n\t\t\t\t\t\t<span  >\n\t\t\t\t\t\t\tVis\u00edtanos\t\t\t\t\t\t<\/span>\n\t\t\t\t\t<\/h4>\n\t\t\t\t\n\t\t\t\t\t\t\t\t\t<p class=\"elementor-icon-box-description\">\n\t\t\t\t\t\tNuestra oficina se encuentra en 221 W. Lexington Ave. Suite 400, Independence, Missouri 64050. Si\u00e9ntase libre de visitar durante horas de oficina o programar una cita.\t\t\t\t\t<\/p>\n\t\t\t\t\n\t\t\t<\/div>\n\t\t\t\n\t\t<\/div>\n\t\t\t\t\t\t<\/div>\n\t\t\t\t<\/div>\n\t\t\t\t<\/div>\n\t\t\t\t<\/div>\n\t\t\t\t\t<\/div>\n\t\t\t\t<\/div>\n\t\t\t\t<\/div>","protected":false},"excerpt":{"rendered":"<p>Silicosis Lawyer \u2013 Legal Help for Silica Exposure Victims Silica dust exposure can cause deadly lung diseases like silicosis. According to NIOSH, OSHA, and the CDC, strict safety controls and legal awareness are essential for protection. Understanding Silica Dust Risks At Humphrey, Farrington &amp; McClain, we believe that informed clients make empowered decisions. This page [&hellip;]<\/p>\n","protected":false},"author":3,"featured_media":0,"parent":0,"menu_order":0,"comment_status":"closed","ping_status":"closed","template":"","meta":{"inline_featured_image":false,"two_page_speed":[],"footnotes":""},"class_list":["post-465","page","type-page","status-publish","hentry"],"_links":{"self":[{"href":"https:\/\/quartzinjurylaw.com\/es\/wp-json\/wp\/v2\/pages\/465","targetHints":{"allow":["GET"]}}],"collection":[{"href":"https:\/\/quartzinjurylaw.com\/es\/wp-json\/wp\/v2\/pages"}],"about":[{"href":"https:\/\/quartzinjurylaw.com\/es\/wp-json\/wp\/v2\/types\/page"}],"author":[{"embeddable":true,"href":"https:\/\/quartzinjurylaw.com\/es\/wp-json\/wp\/v2\/users\/3"}],"replies":[{"embeddable":true,"href":"https:\/\/quartzinjurylaw.com\/es\/wp-json\/wp\/v2\/comments?post=465"}],"version-history":[{"count":0,"href":"https:\/\/quartzinjurylaw.com\/es\/wp-json\/wp\/v2\/pages\/465\/revisions"}],"wp:attachment":[{"href":"https:\/\/quartzinjurylaw.com\/es\/wp-json\/wp\/v2\/media?parent=465"}],"curies":[{"name":"wp","href":"https:\/\/api.w.org\/{rel}","templated":true}]}}