{"id":369,"date":"2025-06-17T15:38:45","date_gmt":"2025-06-17T15:38:45","guid":{"rendered":"https:\/\/quartzinjurylaw.com\/?page_id=369"},"modified":"2025-08-06T14:12:53","modified_gmt":"2025-08-06T14:12:53","slug":"about-us","status":"publish","type":"page","link":"https:\/\/quartzinjurylaw.com\/es\/about-us\/","title":{"rendered":"Qui\u00e9nes somos"},"content":{"rendered":"<div data-elementor-type=\"wp-page\" data-elementor-id=\"369\" class=\"elementor elementor-369\">\n\t\t\t\t<div class=\"elementor-element elementor-element-efbc297 e-flex e-con-boxed e-con e-parent\" data-id=\"efbc297\" data-element_type=\"container\">\n\t\t\t\t\t<div class=\"e-con-inner\">\n\t\t\t\t<div class=\"elementor-element elementor-element-8181ba6 elementor-widget elementor-widget-shortcode\" data-id=\"8181ba6\" data-element_type=\"widget\" data-widget_type=\"shortcode.default\">\n\t\t\t\t<div class=\"elementor-widget-container\">\n\t\t\t\t\t\t\t<div class=\"elementor-shortcode\"><nav aria-label=\"breadcrumbs\" class=\"rank-math-breadcrumb\"><p><span class=\"last\">Home<\/span><\/p><\/nav><\/div>\n\t\t\t\t\t\t<\/div>\n\t\t\t\t<\/div>\n\t\t\t\t\t<\/div>\n\t\t\t\t<\/div>\n\t\t<div class=\"elementor-element elementor-element-oykoebnc twbb_section e-flex e-con-boxed e-con e-parent\" data-id=\"oykoebnc\" data-element_type=\"container\" id=\"about-quartzinjurylaw\">\n\t\t\t\t\t<div class=\"e-con-inner\">\n\t\t<div class=\"elementor-element elementor-element-zagso1ci e-con-full e-flex e-con e-child\" data-id=\"zagso1ci\" data-element_type=\"container\">\n\t\t\t\t<div class=\"elementor-element elementor-element-524trxed elementor-widget__width-initial elementor-widget-mobile__width-inherit elementor-widget-tablet__width-initial elementor-invisible elementor-widget elementor-widget-heading\" data-id=\"524trxed\" data-element_type=\"widget\" data-settings=\"{&quot;_animation&quot;:&quot;fadeInUp&quot;}\" data-widget_type=\"heading.default\">\n\t\t\t\t<div class=\"elementor-widget-container\">\n\t\t\t\t\t<h2 class=\"elementor-heading-title elementor-size-default\">M\u00e1s de 40 a\u00f1os de defensa innovadora de las v\u00edctimas de exposici\u00f3n a sustancias t\u00f3xicas<\/h2>\t\t\t\t<\/div>\n\t\t\t\t<\/div>\n\t\t\t\t<div class=\"elementor-element elementor-element-ros45ss5 elementor-widget__width-initial elementor-widget-mobile__width-inherit elementor-widget-tablet__width-initial elementor-invisible elementor-widget elementor-widget-text-editor\" data-id=\"ros45ss5\" data-element_type=\"widget\" data-settings=\"{&quot;_animation&quot;:&quot;fadeInUp&quot;}\" data-widget_type=\"text-editor.default\">\n\t\t\t\t<div class=\"elementor-widget-container\">\n\t\t\t\t\t\t\t\t\t<p>En Humphrey, Farrington &amp; McClain, hemos construido una reputaci\u00f3n nacional gracias a veredictos y acuerdos hist\u00f3ricos que han transformado la salud p\u00fablica y han responsabilizado a algunas de las corporaciones m\u00e1s grandes del mundo. Ahora, estamos enfocados en una creciente crisis de salud p\u00fablica: representar a trabajadores que han estado expuestos a niveles peligrosos de polvo de s\u00edlice al cortar y fabricar encimeras de cuarzo. Si usted o un ser querido ha sido afectado, estamos aqu\u00ed para ayudarle.<\/p><p><strong>Nuestro equipo de litigantes experimentados ha pasado d\u00e9cadas obteniendo veredictos y acuerdos hist\u00f3ricos que responsabilizan a poderosas corporaciones. Estamos listos para aplicar esa experiencia probada en los tribunales a su caso, brind\u00e1ndole una representaci\u00f3n implacable y personalizada desde el primer d\u00eda.<\/strong><\/p>\t\t\t\t\t\t\t\t<\/div>\n\t\t\t\t<\/div>\n\t\t\t\t<\/div>\n\t\t\t\t<div class=\"elementor-element elementor-element-2ug7hdey elementor-widget__width-initial elementor-widget-mobile__width-inherit elementor-widget-tablet__width-initial elementor-widget elementor-widget-image\" data-id=\"2ug7hdey\" data-element_type=\"widget\" data-widget_type=\"image.default\">\n\t\t\t\t<div class=\"elementor-widget-container\">\n\t\t\t\t\t\t\t\t\t\t\t\t\t\t\t\t<a href=\"http:\/\/hfmlegal.com\" target=\"_blank\" rel=\"noopener\">\n\t\t\t\t\t\t\t<img fetchpriority=\"high\" decoding=\"async\" width=\"1584\" height=\"396\" src=\"https:\/\/quartzinjurylaw.com\/wp-content\/uploads\/2025\/06\/humphrey_farrington__mcclain_p_c__cover.webp\" class=\"attachment-full size-full wp-image-341\" alt=\"Humphrey, Farrington and McClain cover\" srcset=\"https:\/\/quartzinjurylaw.com\/wp-content\/uploads\/2025\/06\/humphrey_farrington__mcclain_p_c__cover.webp 1584w, https:\/\/quartzinjurylaw.com\/wp-content\/uploads\/2025\/06\/humphrey_farrington__mcclain_p_c__cover-300x75.webp 300w, https:\/\/quartzinjurylaw.com\/wp-content\/uploads\/2025\/06\/humphrey_farrington__mcclain_p_c__cover-1024x256.webp 1024w, https:\/\/quartzinjurylaw.com\/wp-content\/uploads\/2025\/06\/humphrey_farrington__mcclain_p_c__cover-768x192.webp 768w, https:\/\/quartzinjurylaw.com\/wp-content\/uploads\/2025\/06\/humphrey_farrington__mcclain_p_c__cover-1536x384.webp 1536w, https:\/\/quartzinjurylaw.com\/wp-content\/uploads\/2025\/06\/humphrey_farrington__mcclain_p_c__cover-600x150.webp 600w\" sizes=\"(max-width: 1584px) 100vw, 1584px\" \/>\t\t\t\t\t\t\t\t<\/a>\n\t\t\t\t\t\t\t\t\t\t\t\t\t\t\t<\/div>\n\t\t\t\t<\/div>\n\t\t\t\t\t<\/div>\n\t\t\t\t<\/div>\n\t\t<div class=\"elementor-element elementor-element-d7bcabb e-flex e-con-boxed e-con e-parent\" data-id=\"d7bcabb\" data-element_type=\"container\">\n\t\t\t\t\t<div class=\"e-con-inner\">\n\t\t<div class=\"elementor-element elementor-element-9525ba2 e-con-full e-flex e-con e-child\" data-id=\"9525ba2\" data-element_type=\"container\">\n\t\t\t\t<div class=\"elementor-element elementor-element-4247ab6 elementor-widget__width-initial elementor-widget elementor-widget-image\" data-id=\"4247ab6\" data-element_type=\"widget\" data-widget_type=\"image.default\">\n\t\t\t\t<div class=\"elementor-widget-container\">\n\t\t\t\t\t\t\t\t\t\t\t\t\t\t\t\t<a href=\"https:\/\/quartzinjurylaw.com\/es\/about-us\/timothy-kingsbury\/\">\n\t\t\t\t\t\t\t<img decoding=\"async\" width=\"549\" height=\"549\" src=\"https:\/\/quartzinjurylaw.com\/wp-content\/uploads\/2025\/07\/TJK_550px.webp\" class=\"attachment-large size-large wp-image-780\" alt=\"J\" srcset=\"https:\/\/quartzinjurylaw.com\/wp-content\/uploads\/2025\/07\/TJK_550px.webp 549w, https:\/\/quartzinjurylaw.com\/wp-content\/uploads\/2025\/07\/TJK_550px-300x300.webp 300w, https:\/\/quartzinjurylaw.com\/wp-content\/uploads\/2025\/07\/TJK_550px-150x150.webp 150w, https:\/\/quartzinjurylaw.com\/wp-content\/uploads\/2025\/07\/TJK_550px-12x12.webp 12w\" sizes=\"(max-width: 549px) 100vw, 549px\" \/>\t\t\t\t\t\t\t\t<\/a>\n\t\t\t\t\t\t\t\t\t\t\t\t\t\t\t<\/div>\n\t\t\t\t<\/div>\n\t\t\t\t<\/div>\n\t\t<div class=\"elementor-element elementor-element-981533b e-con-full e-flex e-con e-child\" data-id=\"981533b\" data-element_type=\"container\">\n\t\t\t\t<div class=\"elementor-element elementor-element-4ab25a6 elementor-widget elementor-widget-text-editor\" data-id=\"4ab25a6\" data-element_type=\"widget\" data-widget_type=\"text-editor.default\">\n\t\t\t\t<div class=\"elementor-widget-container\">\n\t\t\t\t\t\t\t\t\t<h3><a href=\"https:\/\/quartzinjurylaw.com\/es\/about-us\/timothy-kingsbury\/\">Timothy J.Kingsbury<\/a><\/h3><p><b>Timothy<\/b><b>\u202f<\/b><b>J.<\/b><b>\u202f<\/b><b>Kingsbury es un abogado litigante reconocido a nivel nacional y accionista de Humphrey, Farrington &amp; McClain que ha obtenido m\u00e1s de $100 millones en veredictos y acuerdos para personas perjudicadas por exposiciones t\u00f3xicas, productos defectuosos y condiciones inseguras.<\/b> Ahora dedica su experiencia legal a ayudar a fabricantes, instaladores y pulidores de encimeras que sufren de silicosis acelerada debido a la exposici\u00f3n al polvo de s\u00edlice en talleres de piedra artificial.<\/p>\t\t\t\t\t\t\t\t<\/div>\n\t\t\t\t<\/div>\n\t\t\t\t<\/div>\n\t\t\t\t\t<\/div>\n\t\t\t\t<\/div>\n\t\t<div class=\"elementor-element elementor-element-0bf9fb0 e-flex e-con-boxed e-con e-parent\" data-id=\"0bf9fb0\" data-element_type=\"container\">\n\t\t\t\t\t<div class=\"e-con-inner\">\n\t\t\t\t<div class=\"elementor-element elementor-element-f87cd2c elementor-align-center elementor-widget elementor-widget-button\" data-id=\"f87cd2c\" data-element_type=\"widget\" data-widget_type=\"button.default\">\n\t\t\t\t<div class=\"elementor-widget-container\">\n\t\t\t\t\t\t\t\t\t<div class=\"elementor-button-wrapper\">\n\t\t\t\t\t<a class=\"elementor-button elementor-button-link elementor-size-sm\" href=\"http:\/\/hfmlegal.com\" target=\"_blank\" rel=\"noopener\">\n\t\t\t\t\t\t<span class=\"elementor-button-content-wrapper\">\n\t\t\t\t\t\t\t\t\t<span class=\"elementor-button-text\">M\u00e1s informaci\u00f3n<\/span>\n\t\t\t\t\t<\/span>\n\t\t\t\t\t<\/a>\n\t\t\t\t<\/div>\n\t\t\t\t\t\t\t\t<\/div>\n\t\t\t\t<\/div>\n\t\t\t\t\t<\/div>\n\t\t\t\t<\/div>\n\t\t\t\t<\/div>","protected":false},"excerpt":{"rendered":"<p>Over 40 Years of Groundbreaking Advocacy for Toxic Exposure Victims At Humphrey, Farrington &amp; McClain, we\u2019ve built a national reputation through landmark verdicts and settlements that have reshaped public health and held some of the world\u2019s largest corporations accountable. Now, we\u2019re focused on a growing public health crisis\u2014representing workers who have been exposed to dangerous [&hellip;]<\/p>\n","protected":false},"author":3,"featured_media":0,"parent":0,"menu_order":0,"comment_status":"closed","ping_status":"closed","template":"","meta":{"inline_featured_image":false,"two_page_speed":[],"footnotes":""},"class_list":["post-369","page","type-page","status-publish","hentry"],"_links":{"self":[{"href":"https:\/\/quartzinjurylaw.com\/es\/wp-json\/wp\/v2\/pages\/369","targetHints":{"allow":["GET"]}}],"collection":[{"href":"https:\/\/quartzinjurylaw.com\/es\/wp-json\/wp\/v2\/pages"}],"about":[{"href":"https:\/\/quartzinjurylaw.com\/es\/wp-json\/wp\/v2\/types\/page"}],"author":[{"embeddable":true,"href":"https:\/\/quartzinjurylaw.com\/es\/wp-json\/wp\/v2\/users\/3"}],"replies":[{"embeddable":true,"href":"https:\/\/quartzinjurylaw.com\/es\/wp-json\/wp\/v2\/comments?post=369"}],"version-history":[{"count":0,"href":"https:\/\/quartzinjurylaw.com\/es\/wp-json\/wp\/v2\/pages\/369\/revisions"}],"wp:attachment":[{"href":"https:\/\/quartzinjurylaw.com\/es\/wp-json\/wp\/v2\/media?parent=369"}],"curies":[{"name":"wp","href":"https:\/\/api.w.org\/{rel}","templated":true}]}}