{"id":250,"date":"2025-06-05T20:53:33","date_gmt":"2025-06-05T20:53:33","guid":{"rendered":"https:\/\/quartzinjurylaw.com\/?page_id=250"},"modified":"2025-08-06T14:15:00","modified_gmt":"2025-08-06T14:15:00","slug":"our-history","status":"publish","type":"page","link":"https:\/\/quartzinjurylaw.com\/es\/about-us\/our-history\/","title":{"rendered":"Nuestra historia"},"content":{"rendered":"<div data-elementor-type=\"wp-post\" data-elementor-id=\"250\" class=\"elementor elementor-250\">\n\t\t\t\t<div class=\"elementor-element elementor-element-77a5fe9 e-flex e-con-boxed e-con e-parent\" data-id=\"77a5fe9\" data-element_type=\"container\">\n\t\t\t\t\t<div class=\"e-con-inner\">\n\t\t\t\t<div class=\"elementor-element elementor-element-88dc5ee elementor-widget elementor-widget-shortcode\" data-id=\"88dc5ee\" data-element_type=\"widget\" data-widget_type=\"shortcode.default\">\n\t\t\t\t<div class=\"elementor-widget-container\">\n\t\t\t\t\t\t\t<div class=\"elementor-shortcode\"><nav aria-label=\"breadcrumbs\" class=\"rank-math-breadcrumb\"><p><span class=\"last\">Home<\/span><\/p><\/nav><\/div>\n\t\t\t\t\t\t<\/div>\n\t\t\t\t<\/div>\n\t\t\t\t\t<\/div>\n\t\t\t\t<\/div>\n\t\t<div class=\"elementor-element elementor-element-9yohIRUe   e-flex e-con-boxed e-con e-parent\" data-id=\"9yohIRUe\" data-element_type=\"container\">\n\t\t\t\t\t<div class=\"e-con-inner\">\n\t\t\t\t<div class=\"elementor-element elementor-element-KYgLL2Bm elementor-widget__width-inherit elementor-widget-mobile__width-inherit   elementor-widget elementor-widget-heading\" data-id=\"KYgLL2Bm\" data-element_type=\"widget\" data-widget_type=\"heading.default\">\n\t\t\t\t<div class=\"elementor-widget-container\">\n\t\t\t\t\t<div class=\"elementor-heading-title elementor-size-default\">Casi 50 a\u00f1os de \u00e9xito<\/div>\t\t\t\t<\/div>\n\t\t\t\t<\/div>\n\t\t\t\t\t<\/div>\n\t\t\t\t<\/div>\n\t\t<div class=\"elementor-element elementor-element-1lohlVty e-con-full   e-flex e-con e-parent\" data-id=\"1lohlVty\" data-element_type=\"container\">\n\t\t\t\t<div class=\"elementor-element elementor-element-ajmtKFxm elementor-widget__width-inherit elementor-widget-mobile__width-inherit   elementor-widget elementor-widget-text-editor\" data-id=\"ajmtKFxm\" data-element_type=\"widget\" data-widget_type=\"text-editor.default\">\n\t\t\t\t<div class=\"elementor-widget-container\">\n\t\t\t\t\t\t\t\t\t<h1>Cronolog\u00eda de Humphrey, Farrington &amp; McClain<\/h1>\t\t\t\t\t\t\t\t<\/div>\n\t\t\t\t<\/div>\n\t\t\t\t<\/div>\n\t\t<div class=\"elementor-element elementor-element-RRRsPUbI   e-flex e-con-boxed e-con e-parent\" data-id=\"RRRsPUbI\" data-element_type=\"container\">\n\t\t\t\t\t<div class=\"e-con-inner\">\n\t\t\t\t<div class=\"elementor-element elementor-element-YVuAXmei elementor-widget__width-inherit elementor-widget-mobile__width-inherit elementor-position-right elementor-vertical-align-middle   elementor-widget elementor-widget-image-box\" data-id=\"YVuAXmei\" data-element_type=\"widget\" data-widget_type=\"image-box.default\">\n\t\t\t\t<div class=\"elementor-widget-container\">\n\t\t\t\t\t<div class=\"elementor-image-box-wrapper\"><figure class=\"elementor-image-box-img\"><img fetchpriority=\"high\" decoding=\"async\" width=\"1200\" height=\"1200\" src=\"https:\/\/quartzinjurylaw.com\/wp-content\/uploads\/2025\/06\/20201231lnp1-asbestos.webp\" class=\"attachment-full size-full wp-image-327\" alt=\"\" srcset=\"https:\/\/quartzinjurylaw.com\/wp-content\/uploads\/2025\/06\/20201231lnp1-asbestos.webp 1200w, https:\/\/quartzinjurylaw.com\/wp-content\/uploads\/2025\/06\/20201231lnp1-asbestos-300x300.webp 300w, https:\/\/quartzinjurylaw.com\/wp-content\/uploads\/2025\/06\/20201231lnp1-asbestos-1024x1024.webp 1024w, https:\/\/quartzinjurylaw.com\/wp-content\/uploads\/2025\/06\/20201231lnp1-asbestos-150x150.webp 150w, https:\/\/quartzinjurylaw.com\/wp-content\/uploads\/2025\/06\/20201231lnp1-asbestos-768x768.webp 768w, https:\/\/quartzinjurylaw.com\/wp-content\/uploads\/2025\/06\/20201231lnp1-asbestos-600x600.webp 600w\" sizes=\"(max-width: 1200px) 100vw, 1200px\" \/><\/figure><div class=\"elementor-image-box-content\"><div class=\"elementor-image-box-title\">1986  <\/div><p class=\"elementor-image-box-description\"><b>Veredicto por Asbestos<\/b>:<br><br>En 1986, Ken McClain gan\u00f3 un juicio hist\u00f3rico para un distrito escolar de Missouri contra un fabricante de asbestos, siendo uno de los primeros veredictos exitosos por da\u00f1os personales y da\u00f1os a la propiedad relacionados con el asbestos. Estos primeros esfuerzos ayudaron a abrir el camino para responsabilizar a las empresas por los peligros del asbestos en escuelas y lugares de trabajo.<\/p><\/div><\/div>\t\t\t\t<\/div>\n\t\t\t\t<\/div>\n\t\t\t\t\t<\/div>\n\t\t\t\t<\/div>\n\t\t<div class=\"elementor-element elementor-element-BgGRSnFZ   e-flex e-con-boxed e-con e-parent\" data-id=\"BgGRSnFZ\" data-element_type=\"container\">\n\t\t\t\t\t<div class=\"e-con-inner\">\n\t\t\t\t<div class=\"elementor-element elementor-element-PduKXiSc elementor-widget__width-inherit elementor-widget-mobile__width-inherit elementor-position-left elementor-vertical-align-middle   elementor-widget elementor-widget-image-box\" data-id=\"PduKXiSc\" data-element_type=\"widget\" data-widget_type=\"image-box.default\">\n\t\t\t\t<div class=\"elementor-widget-container\">\n\t\t\t\t\t<div class=\"elementor-image-box-wrapper\"><figure class=\"elementor-image-box-img\"><img decoding=\"async\" width=\"300\" height=\"200\" src=\"https:\/\/quartzinjurylaw.com\/wp-content\/uploads\/2025\/06\/burning-cigarette-close-up-with-smoke-on-blue-background-for-health-awareness-design-photo.webp\" class=\"attachment-full size-full wp-image-326\" alt=\"\" \/><\/figure><div class=\"elementor-image-box-content\"><div class=\"elementor-image-box-title\">1996 <\/div><p class=\"elementor-image-box-description\"><b>Acuerdo Hist\u00f3rico por Tabaco<\/b>: <br>\nHFM desempe\u00f1\u00f3 un papel principal en la litigaci\u00f3n nacional contra el tabaco. En 1996, el socio principal Ken McClain negoci\u00f3 un acuerdo confidencial con Liggett Group, que se considera la primera vez que un fabricante de cigarrillos resolvi\u00f3 una demanda relacionada con el tabaquismo. Este avance ocurri\u00f3 antes del Acuerdo Maestro a nivel industrial y marc\u00f3 a HFM como pionero en casos de responsabilidad por productos de tabaco.<\/p><\/div><\/div>\t\t\t\t<\/div>\n\t\t\t\t<\/div>\n\t\t\t\t\t<\/div>\n\t\t\t\t<\/div>\n\t\t<div class=\"elementor-element elementor-element-e8RsjQ83   e-flex e-con-boxed e-con e-parent\" data-id=\"e8RsjQ83\" data-element_type=\"container\">\n\t\t\t\t\t<div class=\"e-con-inner\">\n\t\t\t\t<div class=\"elementor-element elementor-element-Xt7q01Fc elementor-widget__width-inherit elementor-widget-mobile__width-inherit elementor-position-right elementor-vertical-align-middle   elementor-invisible elementor-widget elementor-widget-image-box\" data-id=\"Xt7q01Fc\" data-element_type=\"widget\" data-settings=\"{&quot;_animation&quot;:&quot;slideInUp&quot;}\" data-widget_type=\"image-box.default\">\n\t\t\t\t<div class=\"elementor-widget-container\">\n\t\t\t\t\t<div class=\"elementor-image-box-wrapper\"><figure class=\"elementor-image-box-img\"><img decoding=\"async\" width=\"1200\" height=\"797\" src=\"https:\/\/quartzinjurylaw.com\/wp-content\/uploads\/2025\/06\/s-l1200.webp\" class=\"attachment-full size-full wp-image-325\" alt=\"\" srcset=\"https:\/\/quartzinjurylaw.com\/wp-content\/uploads\/2025\/06\/s-l1200.webp 1200w, https:\/\/quartzinjurylaw.com\/wp-content\/uploads\/2025\/06\/s-l1200-300x199.webp 300w, https:\/\/quartzinjurylaw.com\/wp-content\/uploads\/2025\/06\/s-l1200-1024x680.webp 1024w, https:\/\/quartzinjurylaw.com\/wp-content\/uploads\/2025\/06\/s-l1200-768x510.webp 768w, https:\/\/quartzinjurylaw.com\/wp-content\/uploads\/2025\/06\/s-l1200-600x399.webp 600w\" sizes=\"(max-width: 1200px) 100vw, 1200px\" \/><\/figure><div class=\"elementor-image-box-content\"><div class=\"elementor-image-box-title\">2000 <\/div><p class=\"elementor-image-box-description\"><b>Veredicto por Contaminaci\u00f3n con PCB<\/b>:<br><br>En un caso ambiental en Pensilvania, HFM ayud\u00f3 a conseguir <b>$46.5 millones <\/b>en un caso ambiental en Pensilvania, HFM ayud\u00f3 a obtener un veredicto del jurado por contaminaci\u00f3n con PCB vinculada a una instalaci\u00f3n estatal de transporte. La litigaci\u00f3n involucr\u00f3 bifenilos policlorados t\u00f3xicos en un edificio de PennDOT que tuvo que ser demolido despu\u00e9s de que un incendio revelara una contaminaci\u00f3n extensa. El veredicto responsabiliz\u00f3 a las empresas responsables por los costos de limpieza y los da\u00f1os a la comunidad derivados de la exposici\u00f3n qu\u00edmica.<\/p><\/div><\/div>\t\t\t\t<\/div>\n\t\t\t\t<\/div>\n\t\t\t\t\t<\/div>\n\t\t\t\t<\/div>\n\t\t<div class=\"elementor-element elementor-element-xtbG4N17   e-flex e-con-boxed e-con e-parent\" data-id=\"xtbG4N17\" data-element_type=\"container\">\n\t\t\t\t\t<div class=\"e-con-inner\">\n\t\t\t\t<div class=\"elementor-element elementor-element-GXMB1XHJ elementor-widget__width-inherit elementor-widget-mobile__width-inherit elementor-position-left elementor-vertical-align-middle   elementor-invisible elementor-widget elementor-widget-image-box\" data-id=\"GXMB1XHJ\" data-element_type=\"widget\" data-settings=\"{&quot;_animation&quot;:&quot;slideInUp&quot;}\" data-widget_type=\"image-box.default\">\n\t\t\t\t<div class=\"elementor-widget-container\">\n\t\t\t\t\t<div class=\"elementor-image-box-wrapper\"><figure class=\"elementor-image-box-img\"><img loading=\"lazy\" decoding=\"async\" width=\"550\" height=\"366\" src=\"https:\/\/quartzinjurylaw.com\/wp-content\/uploads\/2025\/06\/be9a5f5f-0f58-4f3b-907f-d24153daba22-thumb.webp\" class=\"attachment-full size-full wp-image-324\" alt=\"\" srcset=\"https:\/\/quartzinjurylaw.com\/wp-content\/uploads\/2025\/06\/be9a5f5f-0f58-4f3b-907f-d24153daba22-thumb.webp 550w, https:\/\/quartzinjurylaw.com\/wp-content\/uploads\/2025\/06\/be9a5f5f-0f58-4f3b-907f-d24153daba22-thumb-300x200.webp 300w\" sizes=\"(max-width: 550px) 100vw, 550px\" \/><\/figure><div class=\"elementor-image-box-content\"><div class=\"elementor-image-box-title\">2004 <\/div><p class=\"elementor-image-box-description\">\u201c<b>Casos de \u201cPulm\u00f3n de Palomitas\u201d:<\/b><br><br>HFM encabez\u00f3 la litigaci\u00f3n sobre los qu\u00edmicos usados para dar sabor a mantequilla (diacetilo) que causaron una grave enfermedad pulmonar (\u201cpulm\u00f3n de palomitas\u201d). En 2004, la firma gan\u00f3 <b>$20 millones <\/b>con el veredicto del jurado para Eric Peoples, un trabajador de f\u00e1brica en Missouri cuyos pulmones quedaron irreparablemente da\u00f1ados por inhalar los vapores del saborizante de palomitas de microondas. Durante la siguiente d\u00e9cada, HFM obtuvo numerosos veredictos y acuerdos de alto valor para trabajadores y consumidores afectados, incluyendo un premio de <b>$7.2 millones <\/b>en 2012 para un consumidor diario de palomitas \u2014 con recuperaciones totales que superaron ampliamente los <b>$100 millones<\/b> en los casos relacionados con los saborizantes de palomitas.<\/p><\/div><\/div>\t\t\t\t<\/div>\n\t\t\t\t<\/div>\n\t\t\t\t\t<\/div>\n\t\t\t\t<\/div>\n\t\t<div class=\"elementor-element elementor-element-s7C6UY9U   e-flex e-con-boxed e-con e-parent\" data-id=\"s7C6UY9U\" data-element_type=\"container\">\n\t\t\t\t\t<div class=\"e-con-inner\">\n\t\t\t\t<div class=\"elementor-element elementor-element-ZHZpxidZ elementor-widget__width-inherit elementor-widget-mobile__width-inherit elementor-position-right elementor-vertical-align-middle   elementor-invisible elementor-widget elementor-widget-image-box\" data-id=\"ZHZpxidZ\" data-element_type=\"widget\" data-settings=\"{&quot;_animation&quot;:&quot;slideInUp&quot;}\" data-widget_type=\"image-box.default\">\n\t\t\t\t<div class=\"elementor-widget-container\">\n\t\t\t\t\t<div class=\"elementor-image-box-wrapper\"><figure class=\"elementor-image-box-img\"><img loading=\"lazy\" decoding=\"async\" width=\"1024\" height=\"1024\" src=\"https:\/\/quartzinjurylaw.com\/wp-content\/uploads\/2025\/06\/image_2.webp\" class=\"attachment-full size-full wp-image-323\" alt=\"\" srcset=\"https:\/\/quartzinjurylaw.com\/wp-content\/uploads\/2025\/06\/image_2.webp 1024w, https:\/\/quartzinjurylaw.com\/wp-content\/uploads\/2025\/06\/image_2-300x300.webp 300w, https:\/\/quartzinjurylaw.com\/wp-content\/uploads\/2025\/06\/image_2-150x150.webp 150w, https:\/\/quartzinjurylaw.com\/wp-content\/uploads\/2025\/06\/image_2-768x768.webp 768w, https:\/\/quartzinjurylaw.com\/wp-content\/uploads\/2025\/06\/image_2-600x600.webp 600w\" sizes=\"(max-width: 1024px) 100vw, 1024px\" \/><\/figure><div class=\"elementor-image-box-content\"><div class=\"elementor-image-box-title\">2013<\/div><p class=\"elementor-image-box-description\"><b>Exposici\u00f3n a l\u00edquidos para trabajo con metales:<\/b><br>\nHFM continu\u00f3 logrando veredictos importantes por exposici\u00f3n en el lugar de trabajo. En 2013, un jurado del condado de Laclede, Missouri, otorg\u00f3 <b>$28 millones<\/b> en Berger contra Copeland Corporation. El caso involucr\u00f3 a un trabajador de f\u00e1brica de 56 a\u00f1os que sufri\u00f3 inflamaci\u00f3n pulmonar cr\u00f3nica tras a\u00f1os de inhalar niebla de l\u00edquidos refrigerantes para trabajo con metales en una planta fabricante de compresores. El veredicto (que incluy\u00f3 $23 millones en da\u00f1os punitivos) castig\u00f3 a la empresa por no proteger a los trabajadores de los inhalantes t\u00f3xicos en el trabajo.<\/p><\/div><\/div>\t\t\t\t<\/div>\n\t\t\t\t<\/div>\n\t\t\t\t\t<\/div>\n\t\t\t\t<\/div>\n\t\t<div class=\"elementor-element elementor-element-sBWgbtFB   e-flex e-con-boxed e-con e-parent\" data-id=\"sBWgbtFB\" data-element_type=\"container\">\n\t\t\t\t\t<div class=\"e-con-inner\">\n\t\t\t\t<div class=\"elementor-element elementor-element-0OoUArFN elementor-widget__width-inherit elementor-widget-mobile__width-inherit elementor-position-left elementor-vertical-align-middle   elementor-invisible elementor-widget elementor-widget-image-box\" data-id=\"0OoUArFN\" data-element_type=\"widget\" data-settings=\"{&quot;_animation&quot;:&quot;slideInUp&quot;}\" data-widget_type=\"image-box.default\">\n\t\t\t\t<div class=\"elementor-widget-container\">\n\t\t\t\t\t<div class=\"elementor-image-box-wrapper\"><figure class=\"elementor-image-box-img\"><img loading=\"lazy\" decoding=\"async\" width=\"300\" height=\"168\" src=\"https:\/\/quartzinjurylaw.com\/wp-content\/uploads\/2025\/06\/download.webp\" class=\"attachment-full size-full wp-image-322\" alt=\"\" \/><\/figure><div class=\"elementor-image-box-content\"><div class=\"elementor-image-box-title\">2016<\/div><p class=\"elementor-image-box-description\"><b>Contaminaci\u00f3n de aguas subterr\u00e1neas por TCE: <\/b><br>\nDemostrando liderazgo en litigios por exposici\u00f3n ambiental, HFM gan\u00f3 un veredicto federal significativo por un caso de exposici\u00f3n comunitaria en Joplin, Missouri. En 2016, un jurado otorg\u00f3 <b>$20.6 millones<\/b> a una joven que desarroll\u00f3 una enfermedad autoinmune del h\u00edgado (AIH) despu\u00e9s de crecer cerca de una planta de rodamientos que hab\u00eda contaminado las aguas subterr\u00e1neas con tricloroetileno (TCE). Este veredicto (con $13 millones en da\u00f1os punitivos) responsabiliz\u00f3 al fabricante por a\u00f1os de vertidos sin control de TCE y las consecuencias para la salud de los residentes locales.<\/p><\/div><\/div>\t\t\t\t<\/div>\n\t\t\t\t<\/div>\n\t\t\t\t\t<\/div>\n\t\t\t\t<\/div>\n\t\t<div class=\"elementor-element elementor-element-HCYVXv4r   e-flex e-con-boxed e-con e-parent\" data-id=\"HCYVXv4r\" data-element_type=\"container\">\n\t\t\t\t\t<div class=\"e-con-inner\">\n\t\t\t\t<div class=\"elementor-element elementor-element-ypKrmoza elementor-widget__width-inherit elementor-widget-mobile__width-inherit elementor-position-right elementor-vertical-align-middle   elementor-invisible elementor-widget elementor-widget-image-box\" data-id=\"ypKrmoza\" data-element_type=\"widget\" data-settings=\"{&quot;_animation&quot;:&quot;slideInUp&quot;}\" data-widget_type=\"image-box.default\">\n\t\t\t\t<div class=\"elementor-widget-container\">\n\t\t\t\t\t<div class=\"elementor-image-box-wrapper\"><figure class=\"elementor-image-box-img\"><img loading=\"lazy\" decoding=\"async\" width=\"1024\" height=\"1024\" src=\"https:\/\/quartzinjurylaw.com\/wp-content\/uploads\/2025\/06\/image_1-1.webp\" class=\"attachment-full size-full wp-image-321\" alt=\"\" srcset=\"https:\/\/quartzinjurylaw.com\/wp-content\/uploads\/2025\/06\/image_1-1.webp 1024w, https:\/\/quartzinjurylaw.com\/wp-content\/uploads\/2025\/06\/image_1-1-300x300.webp 300w, https:\/\/quartzinjurylaw.com\/wp-content\/uploads\/2025\/06\/image_1-1-150x150.webp 150w, https:\/\/quartzinjurylaw.com\/wp-content\/uploads\/2025\/06\/image_1-1-768x768.webp 768w, https:\/\/quartzinjurylaw.com\/wp-content\/uploads\/2025\/06\/image_1-1-600x600.webp 600w\" sizes=\"(max-width: 1024px) 100vw, 1024px\" \/><\/figure><div class=\"elementor-image-box-content\"><div class=\"elementor-image-box-title\">2017 <\/div><p class=\"elementor-image-box-description\"><b>Di\u00f3xido de azufre:<\/b> <br><br>HFM logr\u00f3 un resultado hist\u00f3rico contra una empresa de servicios p\u00fablicos por cenizas de carb\u00f3n t\u00f3xicas. En 2017, un juez del tribunal de distrito de Missouri orden\u00f3 m\u00e1s de <b>$11 millones <\/b>en da\u00f1os a un trabajador de mantenimiento de una planta el\u00e9ctrica que desarroll\u00f3 una grave enfermedad respiratoria por la exposici\u00f3n a cenizas y polvo de carb\u00f3n en la central el\u00e9ctrica de carb\u00f3n Montrose de Evergy.<\/p><\/div><\/div>\t\t\t\t<\/div>\n\t\t\t\t<\/div>\n\t\t\t\t\t<\/div>\n\t\t\t\t<\/div>\n\t\t<div class=\"elementor-element elementor-element-SX8yKehf   e-flex e-con-boxed e-con e-parent\" data-id=\"SX8yKehf\" data-element_type=\"container\">\n\t\t\t\t\t<div class=\"e-con-inner\">\n\t\t\t\t<div class=\"elementor-element elementor-element-e5b8a87 elementor-widget__width-inherit elementor-widget-mobile__width-inherit elementor-position-left elementor-vertical-align-middle   elementor-invisible elementor-widget elementor-widget-image-box\" data-id=\"e5b8a87\" data-element_type=\"widget\" data-settings=\"{&quot;_animation&quot;:&quot;slideInUp&quot;}\" data-widget_type=\"image-box.default\">\n\t\t\t\t<div class=\"elementor-widget-container\">\n\t\t\t\t\t<div class=\"elementor-image-box-wrapper\"><figure class=\"elementor-image-box-img\"><img loading=\"lazy\" decoding=\"async\" width=\"1024\" height=\"1024\" src=\"https:\/\/quartzinjurylaw.com\/wp-content\/uploads\/2025\/06\/image_1.webp\" class=\"attachment-full size-full wp-image-320\" alt=\"\" srcset=\"https:\/\/quartzinjurylaw.com\/wp-content\/uploads\/2025\/06\/image_1.webp 1024w, https:\/\/quartzinjurylaw.com\/wp-content\/uploads\/2025\/06\/image_1-300x300.webp 300w, https:\/\/quartzinjurylaw.com\/wp-content\/uploads\/2025\/06\/image_1-150x150.webp 150w, https:\/\/quartzinjurylaw.com\/wp-content\/uploads\/2025\/06\/image_1-768x768.webp 768w, https:\/\/quartzinjurylaw.com\/wp-content\/uploads\/2025\/06\/image_1-600x600.webp 600w\" sizes=\"(max-width: 1024px) 100vw, 1024px\" \/><\/figure><div class=\"elementor-image-box-content\"><div class=\"elementor-image-box-title\">2025<\/div><p class=\"elementor-image-box-description\"><b>Formaldeh\u00eddo en productos para el cabello:<\/b><br>\nHFM contin\u00faa liderando en casos emergentes de responsabilidad por da\u00f1os t\u00f3xicos. En 2025, la firma present\u00f3 una demanda importante en nombre de estilistas de cabello expuestos al formaldeh\u00eddo en tratamientos populares para alisar el cabello, que result\u00f3 en un acuerdo hist\u00f3rico de $30 millones de d\u00f3lares. La litigaci\u00f3n en curso alega que los profesionales de los salones sufrieron c\u00e1ncer y otros efectos graves en la salud por la inhalaci\u00f3n repetida de los vapores qu\u00edmicos del tratamiento. Al enfrentar a los fabricantes del producto, HFM est\u00e1 a la vanguardia de responsabilizar a las empresas cosm\u00e9ticas por sustancias peligrosas, extendiendo el historial de la firma en defensa en casos de exposici\u00f3n t\u00f3xica y responsabilidad por productos.<\/p><\/div><\/div>\t\t\t\t<\/div>\n\t\t\t\t<\/div>\n\t\t\t\t\t<\/div>\n\t\t\t\t<\/div>\n\t\t<div class=\"elementor-element elementor-element-3103a09 twbb_section e-flex e-con-boxed e-con e-parent\" data-id=\"3103a09\" data-element_type=\"container\" id=\"cta\" data-settings=\"{&quot;background_background&quot;:&quot;classic&quot;}\">\n\t\t\t\t\t<div class=\"e-con-inner\">\n\t\t\t\t<div class=\"elementor-element elementor-element-3193fa69 elementor-widget__width-initial elementor-widget-mobile__width-inherit elementor-widget-tablet__width-initial twbb_cta-valign-align-top twbb_cta-button-wrapper-left twbb_cta-button-wrapper-center twbb_cta-button-wrapper-center twbb_cta-position-button-bottom twbb_cta-tablet-position-button-bottom twbb_cta-mobile-position-button-bottom elementor-invisible elementor-widget elementor-widget-twbb_call-to-action\" data-id=\"3193fa69\" data-element_type=\"widget\" data-settings=\"{&quot;_animation&quot;:&quot;fadeInUp&quot;}\" data-widget_type=\"twbb_call-to-action.default\">\n\t\t\t\t<div class=\"elementor-widget-container\">\n\t\t\t\t\t    <div  class=\"twbb_cta-wrapper\">\n      <div class=\"twbb_cta-content-wrapper\">\n    <div class=\"twbb_cta-content-inner\">\n                <h1 class=\"twbb_cta-title\">Solo una muestra de nuestro trabajo innovador<\/h1>\n                    <div class=\"twbb_cta-description\">Los casos destacados aqu\u00ed representan solo una peque\u00f1a parte de los veredictos y acuerdos hist\u00f3ricos logrados por Humphrey, Farrington &amp; McClain. Se presentan como ejemplos del trabajo innovador y pionero que nuestra firma ha realizado en nombre de personas perjudicadas por negligencia corporativa y exposici\u00f3n t\u00f3xica. Estos casos no son solo victorias, sino hitos que han ayudado a transformar industrias, moldear la pol\u00edtica de salud p\u00fablica y establecer a HFM como un l\u00edder nacional en litigios complejos.<\/div>\n              <\/div>\n    <div class=\"twbb_cta-button-wrapper\">\n        <div class=\"twbb_cta-buttons\">\n              <div class=\"twbb_cta-button-item twbb_cta-button-item__one twbb_cta-button-enable-yes\">\n          <a href=\"https:\/\/hfmlegal.com\/verdicts-2\/\" class=\"elementor-button twbb_cta-button elementor-size- twbb_cta-button__one\" target=\"_blank\" rel=\"noopener\">M\u00e1s informaci\u00f3n<\/a>\n        <\/div>\n                        <\/div>\n    <\/div>\n  <\/div>\n        <\/div>\n\t\t\t\t<\/div>\n\t\t\t\t<\/div>\n\t\t\t\t\t<\/div>\n\t\t\t\t<\/div>\n\t\t<div class=\"elementor-element elementor-element-1e8aaff e-flex e-con-boxed e-con e-parent\" data-id=\"1e8aaff\" data-element_type=\"container\" data-settings=\"{&quot;background_background&quot;:&quot;classic&quot;}\">\n\t\t\t\t\t<div class=\"e-con-inner\">\n\t\t\t\t<div class=\"elementor-element elementor-element-0982f75 elementor-widget__width-initial elementor-widget elementor-widget-text-editor\" data-id=\"0982f75\" data-element_type=\"widget\" data-widget_type=\"text-editor.default\">\n\t\t\t\t<div class=\"elementor-widget-container\">\n\t\t\t\t\t\t\t\t\t<p class=\"link\"><strong>M\u00e1s informaci\u00f3n<\/strong> <a href=\"https:\/\/quartzinjurylaw.com\/es\/about-us\/about-us\/\">sobre nosotros<\/a> <strong>o<\/strong> <a href=\"https:\/\/quartzinjurylaw.com\/es\/contact-us\/\">contacta con nosotros<\/a><strong>!<\/strong><\/p>\t\t\t\t\t\t\t\t<\/div>\n\t\t\t\t<\/div>\n\t\t\t\t\t<\/div>\n\t\t\t\t<\/div>\n\t\t\t\t<\/div>","protected":false},"excerpt":{"rendered":"<p>Nearly 50 Years of Success Humphrey, Farrington &amp; McClain Timeline 1986 Asbestos Verdict: In 1986, the Ken McClain won a landmark trial for a Missouri school district against an asbestos manufacturer, one of the first successful asbestos-injury and property damage verdicts. These early efforts helped pave the way for holding companies accountable for asbestos hazards [&hellip;]<\/p>\n","protected":false},"author":3,"featured_media":0,"parent":369,"menu_order":0,"comment_status":"closed","ping_status":"closed","template":"","meta":{"inline_featured_image":false,"two_page_speed":[],"footnotes":""},"class_list":["post-250","page","type-page","status-publish","hentry"],"_links":{"self":[{"href":"https:\/\/quartzinjurylaw.com\/es\/wp-json\/wp\/v2\/pages\/250","targetHints":{"allow":["GET"]}}],"collection":[{"href":"https:\/\/quartzinjurylaw.com\/es\/wp-json\/wp\/v2\/pages"}],"about":[{"href":"https:\/\/quartzinjurylaw.com\/es\/wp-json\/wp\/v2\/types\/page"}],"author":[{"embeddable":true,"href":"https:\/\/quartzinjurylaw.com\/es\/wp-json\/wp\/v2\/users\/3"}],"replies":[{"embeddable":true,"href":"https:\/\/quartzinjurylaw.com\/es\/wp-json\/wp\/v2\/comments?post=250"}],"version-history":[{"count":0,"href":"https:\/\/quartzinjurylaw.com\/es\/wp-json\/wp\/v2\/pages\/250\/revisions"}],"up":[{"embeddable":true,"href":"https:\/\/quartzinjurylaw.com\/es\/wp-json\/wp\/v2\/pages\/369"}],"wp:attachment":[{"href":"https:\/\/quartzinjurylaw.com\/es\/wp-json\/wp\/v2\/media?parent=250"}],"curies":[{"name":"wp","href":"https:\/\/api.w.org\/{rel}","templated":true}]}}